{"id":20375,"date":"2020-05-21T14:45:14","date_gmt":"2020-05-21T14:45:14","guid":{"rendered":"https:\/\/gutreigalicia.com\/origine\/"},"modified":"2020-08-26T13:43:42","modified_gmt":"2020-08-26T13:43:42","slug":"origine","status":"publish","type":"page","link":"https:\/\/gutreigalicia.com\/fr\/origine\/","title":{"rendered":"Origine"},"content":{"rendered":"<p><div class=\"fusion-fullwidth fullwidth-box fusion-builder-row-1 fusion-parallax-none hundred-percent-fullwidth hundred-percent-height hundred-percent-height-center-content non-hundred-percent-height-scrolling\" style=\"--awb-border-radius-top-left:0px;--awb-border-radius-top-right:0px;--awb-border-radius-bottom-right:0px;--awb-border-radius-bottom-left:0px;--awb-padding-top:15%;--awb-padding-bottom:300px;--awb-background-image:url(&quot;https:\/\/gutreigalicia.com\/wp-content\/uploads\/2020\/01\/gutrei-galicia.jpg&quot;);--awb-background-size:cover;--awb-flex-wrap:wrap;\" ><div class=\"fusion-fullwidth-center-content\"><div class=\"fusion-builder-row fusion-row\"><div class=\"fusion-layout-column fusion_builder_column fusion-builder-column-0 fusion_builder_column_1_1 1_1 fusion-one-full fusion-column-first fusion-column-last\" style=\"--awb-bg-size:cover;\"><div class=\"fusion-column-wrapper fusion-column-has-shadow fusion-flex-column-wrapper-legacy\"><div class=\"fusion-clearfix\"><\/div><\/div><\/div><\/div><\/div><\/div><div class=\"fusion-fullwidth fullwidth-box fusion-builder-row-2 nonhundred-percent-fullwidth non-hundred-percent-height-scrolling\" style=\"--awb-border-radius-top-left:0px;--awb-border-radius-top-right:0px;--awb-border-radius-bottom-right:0px;--awb-border-radius-bottom-left:0px;--awb-margin-top:7%;--awb-margin-bottom:7%;--awb-flex-wrap:wrap;\" ><div class=\"fusion-builder-row fusion-row\"><div class=\"fusion-layout-column fusion_builder_column fusion-builder-column-1 fusion_builder_column_2_3 2_3 fusion-two-third fusion-column-first\" style=\"--awb-bg-size:cover;--awb-margin-bottom:0px;width:65.3333%; margin-right: 4%;\"><div class=\"fusion-column-wrapper fusion-flex-column-wrapper-legacy\"><div class=\"fusion-text fusion-text-1\"><p><strong>Gutrei Galicia<\/strong> est n\u00e9 en Galice, dans la municipalit\u00e8 de <strong>Monforte de Lemos (Lugo)<\/strong> en <strong>2007<\/strong> .<\/p>\n<p>L&rsquo;entreprise a \u00e9t\u00e9 fond\u00e9e par les fr\u00e8res <strong>Jos\u00e9 Manuel et Miguel \u00c1ngel Guti\u00e9rrez<\/strong> . Depuis leur enfance, ils vivent avec leurs grands-parents et leurs parents qui ont transmis la passion pour les soins traditionnels et l&rsquo;alimentation du b\u00e9tail. Plus tard, cette passion a fait acqu\u00e9rir de l&rsquo;exp\u00e9rience et une formation en travaillant dans des abattoirs et des salles de d\u00e9coupe. Apr\u00e8s plusieurs ann\u00e9es, ils ont d\u00e9cid\u00e9 de cr\u00e9er leur propre entreprise pour commercialiser la <strong>viande bovine de la plus haute qualit\u00e9<\/strong> et qu&rsquo;ils exportent actuellement vers les restaurants et les<br \/>\nboucheries du monde entier.<\/p>\n<p>L&rsquo;entreprise proc\u00e8de \u00e0 une s\u00e9lection exhaustive <strong>des bovins de Nord de Espagn et du Nord du Portugal<\/strong>, c&rsquo;est la seule entreprise espagnole r\u00e9compens\u00e9e par<strong> 1 m\u00e9daille d&rsquo;or en 2018 et 2 m\u00e9dailles d&rsquo;or et 2 d&rsquo;argent pour la meilleure viande du monde, dans le prestigieux concours\u00a0World Steak Challenge avec sa marque Roxad&rsquo;Ouro<\/strong>. L&rsquo;une des meilleures viandes du monde , sa saveur, sa qualit\u00e9 et sa tendresse sont des qualit\u00e9s incomparable qui sont obtenues par un environnement g\u00e9ographique et agro-climatique typique de la r\u00e9gion, ainsi que le respect de la tradition de l&rsquo;alimentation du b\u00e9tail avec de l&rsquo;herbe, du ma\u00efs et un excellent proces de maturation qui a donn\u00e9 naissance \u00e0 un produit de qualit\u00e9 sublime.<\/p>\n<p>C&rsquo;est l&rsquo;une des rares entreprises qui peut faire la <strong>commercialisation du boeuf<\/strong>. Malgr\u00e9 le fait que cette viande soit l&rsquo;une des plus pr\u00e9cieuses, son \u00e9levage est tr\u00e8s ch\u00e8re, donc son prix final sur le march\u00e9 est tr\u00e8s \u00e9lev\u00e9.<\/p>\n<\/div><div class=\"fusion-text fusion-text-2\"><p><strong>Gutrei Galicia<\/strong> compte actuellement deux marques: <strong>Gutrei et Roxad&rsquo;Ouro<\/strong>. Des marques qui recherchent constantement l&rsquo;excellence, la saveur traditionnelle et la haute qualit\u00e9 \u00e0 puissance maximale. Des produits issus d&rsquo;une large s\u00e9lection, elle se difference par <strong>leur haut degr\u00e9 de infiltration de graisse et une maturation soign\u00e9e<\/strong> r\u00e9alis\u00e9e dans nos propres \u00e9tablissement.<\/p>\n<\/div><div class=\"fusion-clearfix\"><\/div><\/div><\/div><div class=\"fusion-layout-column fusion_builder_column fusion-builder-column-2 fusion_builder_column_1_3 1_3 fusion-one-third fusion-column-last\" style=\"--awb-bg-size:cover;--awb-margin-bottom:0px;width:30.6666%;\"><div class=\"fusion-column-wrapper fusion-flex-column-wrapper-legacy\"><div class=\"fusion-image-element fusion-image-align-center in-legacy-container\" style=\"text-align:center;--awb-caption-title-font-family:var(--h2_typography-font-family);--awb-caption-title-font-weight:var(--h2_typography-font-weight);--awb-caption-title-font-style:var(--h2_typography-font-style);--awb-caption-title-size:var(--h2_typography-font-size);--awb-caption-title-transform:var(--h2_typography-text-transform);--awb-caption-title-line-height:var(--h2_typography-line-height);--awb-caption-title-letter-spacing:var(--h2_typography-letter-spacing);\"><div class=\"imageframe-align-center\"><span class=\" fusion-imageframe imageframe-none imageframe-1 hover-type-none\"><img decoding=\"async\" width=\"597\" height=\"660\" title=\"gutrei-familia\" src=\"https:\/\/gutreigalicia.com\/wp-content\/uploads\/2020\/01\/gutrei-familia.jpeg\" alt class=\"img-responsive wp-image-3918\" srcset=\"https:\/\/gutreigalicia.com\/wp-content\/uploads\/2020\/01\/gutrei-familia-200x221.jpeg 200w, https:\/\/gutreigalicia.com\/wp-content\/uploads\/2020\/01\/gutrei-familia-400x442.jpeg 400w, https:\/\/gutreigalicia.com\/wp-content\/uploads\/2020\/01\/gutrei-familia.jpeg 597w\" sizes=\"(max-width: 800px) 100vw, 597px\" \/><\/span><\/div><\/div><div class=\"fusion-sep-clear\"><\/div><div class=\"fusion-separator fusion-full-width-sep\" style=\"margin-left: auto;margin-right: auto;margin-top:25px;width:100%;\"><\/div><div class=\"fusion-sep-clear\"><\/div><div class=\"fusion-clearfix\"><\/div><\/div><\/div><\/div><\/div><div class=\"fusion-fullwidth fullwidth-box fusion-builder-row-3 nonhundred-percent-fullwidth non-hundred-percent-height-scrolling\" style=\"--awb-border-radius-top-left:0px;--awb-border-radius-top-right:0px;--awb-border-radius-bottom-right:0px;--awb-border-radius-bottom-left:0px;--awb-flex-wrap:wrap;\" ><div class=\"fusion-builder-row fusion-row\"><div class=\"fusion-layout-column fusion_builder_column fusion-builder-column-3 fusion_builder_column_2_3 2_3 fusion-two-third fusion-column-first\" style=\"--awb-bg-size:cover;width:66.666666666667%;width:calc(66.666666666667% - ( ( 4% ) * 0.66666666666667 ) );margin-right: 4%;\"><div class=\"fusion-column-wrapper fusion-column-has-shadow fusion-flex-column-wrapper-legacy\"><div class=\"fusion-video fusion-selfhosted-video\" style=\"max-width:100%;\"><div class=\"video-wrapper\"><video playsinline=\"true\" width=\"100%\" style=\"object-fit: cover;\" autoplay=\"true\" muted=\"true\" loop=\"true\" preload=\"auto\" controls=\"1\"><source src=\"https:\/\/gutreigalicia.com\/wp-content\/uploads\/2020\/01\/gutrei-spot.mov\" type=\"video\/mp4\">Sorry, your browser doesn&#039;t support embedded videos.<\/video><\/div><\/div><div class=\"fusion-clearfix\"><\/div><\/div><\/div><\/div><\/div><\/p>\n","protected":false},"excerpt":{"rendered":"","protected":false},"author":3,"featured_media":0,"parent":0,"menu_order":0,"comment_status":"open","ping_status":"closed","template":"100-width.php","meta":{"footnotes":""},"class_list":["post-20375","page","type-page","status-publish","hentry"],"_links":{"self":[{"href":"https:\/\/gutreigalicia.com\/fr\/wp-json\/wp\/v2\/pages\/20375","targetHints":{"allow":["GET"]}}],"collection":[{"href":"https:\/\/gutreigalicia.com\/fr\/wp-json\/wp\/v2\/pages"}],"about":[{"href":"https:\/\/gutreigalicia.com\/fr\/wp-json\/wp\/v2\/types\/page"}],"author":[{"embeddable":true,"href":"https:\/\/gutreigalicia.com\/fr\/wp-json\/wp\/v2\/users\/3"}],"replies":[{"embeddable":true,"href":"https:\/\/gutreigalicia.com\/fr\/wp-json\/wp\/v2\/comments?post=20375"}],"version-history":[{"count":0,"href":"https:\/\/gutreigalicia.com\/fr\/wp-json\/wp\/v2\/pages\/20375\/revisions"}],"wp:attachment":[{"href":"https:\/\/gutreigalicia.com\/fr\/wp-json\/wp\/v2\/media?parent=20375"}],"curies":[{"name":"wp","href":"https:\/\/api.w.org\/{rel}","templated":true}]}}