{"id":20405,"date":"2020-05-21T15:16:55","date_gmt":"2020-05-21T15:16:55","guid":{"rendered":"https:\/\/gutreigalicia.com\/conditions-generales-dachat-en-ligne\/"},"modified":"2020-08-26T13:43:41","modified_gmt":"2020-08-26T13:43:41","slug":"conditions-generales-dachat-en-ligne","status":"publish","type":"page","link":"https:\/\/gutreigalicia.com\/fr\/conditions-generales-dachat-en-ligne\/","title":{"rendered":"Conditions g\u00e9n\u00e9rales d&rsquo;achat en ligne"},"content":{"rendered":"<div class=\"fusion-fullwidth fullwidth-box fusion-builder-row-1 nonhundred-percent-fullwidth non-hundred-percent-height-scrolling\" style=\"--awb-border-radius-top-left:0px;--awb-border-radius-top-right:0px;--awb-border-radius-bottom-right:0px;--awb-border-radius-bottom-left:0px;--awb-flex-wrap:wrap;\" ><div class=\"fusion-builder-row fusion-row\"><div class=\"fusion-layout-column fusion_builder_column fusion-builder-column-0 fusion_builder_column_1_1 1_1 fusion-one-full fusion-column-first fusion-column-last\" style=\"--awb-bg-size:cover;\"><div class=\"fusion-column-wrapper fusion-column-has-shadow fusion-flex-column-wrapper-legacy\"><div class=\"fusion-text fusion-text-1\"><p><strong>Conditions g\u00e9n\u00e9rales d&rsquo;achat en ligne:<\/strong><\/p>\n<p>1.- Tarif<br \/>\nLes prix stipul\u00e9s sont TVA incluse. \u00c9tant des produits qui n&rsquo;ont pas de poids exact ou de prix constants, il peut y avoir de petites modifications.<br \/>\n2.- Modes de paiement<br \/>\n-TPV VIRTUAL peut se faire par carte de cr\u00e9dit. Le client effectue le d\u00e9p\u00f4t rapidement et en toute s\u00e9curit\u00e9.<br \/>\n-PAYPAL Un service qui vous permet de payer en toute s\u00e9curit\u00e9 et d&rsquo;accepter des paiements sans avoir \u00e0 saisir en permanence vos informations financi\u00e8res<br \/>\n3.- Modes d&rsquo;exp\u00e9dition et d\u00e9lais de livraison<br \/>\nVous pouvez passer votre commande jusqu&rsquo;\u00e0 jeudi midi. L&rsquo;agence de transport est SEUR. Les d\u00e9lais de livraison sont g\u00e9n\u00e9ralement de 48h sur la France.<br \/>\n4.- Prix de l\u2019exp\u00e9dition<br \/>\nLivr\u00e1ison a domicilie pour 29,95\u20ac TVA incluse.<br \/>\n5.- Ordres<br \/>\nLes commandes apr\u00e8s 12 heures seront pass\u00e9es le lendemain. El les commandes les jours f\u00eates seront pass\u00e9es le lendemain .<br \/>\n6.- Acceptation de la commande<br \/>\nPour nous contacter: <div class=\"fusion-fa-align-left\"><i class=\"fb-icon-element-1 fb-icon-element fontawesome-icon fa-whatsapp fab circle-yes\" style=\"--awb-iconcolor:#000000;--awb-iconcolor-hover:#000000;--awb-circlebordersize:1px;--awb-font-size:28.16px;--awb-width:56.32px;--awb-height:56.32px;--awb-line-height:54.32px;--awb-margin-right:16px;\"><\/i><\/div>(+34) 675 510 239.<\/p>\n<p>Gutrei Galicia, S. L. Se r\u00e9serve le droit de ne pas accepter la commande.<\/p>\n<p>7.- Expiration, conservation et garantie Gutrei Galicia, S.L.<br \/>\nGutrei Galicia S. L. distribue des produits p\u00e9rissables, affin\u00e9s et affin\u00e9s, elle n&rsquo;acceptera donc les r\u00e9clamations que dans les 24 heures suivant la livraison de la commande. Pour les r\u00e9clamations, contactez le t\u00e9l\u00e9phone (+34) 675 510 239 ou envoyez un e-mail \u00e0 info@gutreigalicia.com<br \/>\n8.- Retour.<br \/>\nLes retours doivent \u00eatre envoy\u00e9s avec le bon de livraison. Et le remboursement du montant se fera par cr\u00e9dit.<br \/>\nLe bon de livraison constitue la preuve de l&rsquo;\u00e9tat de la marchandise. Le destinataire est tenu de signaler \u00e0 la livraison tout incident que l&rsquo;envoi pr\u00e9sente et si l&rsquo;exp\u00e9dition est termin\u00e9e. Par cons\u00e9quent, les r\u00e9clamations ne sont pas accept\u00e9es si elles ne sont pas incluses dans les bons de livraison et si la r\u00e9clamation est faite apr\u00e8s 24 heures apr\u00e8s la livraison. Nous vous<br \/>\nrecommandons de ne pas signer le bon de livraison avant la r\u00e9ception de la marchandise, et si le livreur dit le contraire, nous vous recommandons de ne pas recevoir ou enregistrer ce fait sur le bon de livraison.<br \/>\nIl est important d&rsquo;enregistrer toute anomalie du produit dans le bon de livraison au moment de la livraison. Pour les retours contactez le t\u00e9l\u00e9phone (+34) 675 510 239 ou email info@gutreigalicia.com.<br \/>\n9.- Programme<br \/>\nNos heures de service t\u00e9l\u00e9phonique seront du lundi au vendredi de 9h00 \u00e0 18h00. Vous pouvez nous contacter en nous appelant au (+34) 675 510 239 \u00e0 l&rsquo;heure indiqu\u00e9e, ou par e-mail \u00e0 info@gutreigalicia.com.<br \/>\n10.-Juridiction.<\/p>\n<p>En cas de conflit entre l&rsquo;entreprise et le client, ce document pr\u00e9vaudra et les deux contractants seront soumis par volont\u00e9 expresse aux tribunaux de la juridiction de Monforte de Lemos (Lugo) Espagne.<\/p>\n<\/div><div class=\"fusion-clearfix\"><\/div><\/div><\/div><\/div><\/div>\n","protected":false},"excerpt":{"rendered":"","protected":false},"author":2,"featured_media":0,"parent":0,"menu_order":0,"comment_status":"closed","ping_status":"closed","template":"","meta":{"footnotes":""},"class_list":["post-20405","page","type-page","status-publish","hentry"],"_links":{"self":[{"href":"https:\/\/gutreigalicia.com\/fr\/wp-json\/wp\/v2\/pages\/20405","targetHints":{"allow":["GET"]}}],"collection":[{"href":"https:\/\/gutreigalicia.com\/fr\/wp-json\/wp\/v2\/pages"}],"about":[{"href":"https:\/\/gutreigalicia.com\/fr\/wp-json\/wp\/v2\/types\/page"}],"author":[{"embeddable":true,"href":"https:\/\/gutreigalicia.com\/fr\/wp-json\/wp\/v2\/users\/2"}],"replies":[{"embeddable":true,"href":"https:\/\/gutreigalicia.com\/fr\/wp-json\/wp\/v2\/comments?post=20405"}],"version-history":[{"count":0,"href":"https:\/\/gutreigalicia.com\/fr\/wp-json\/wp\/v2\/pages\/20405\/revisions"}],"wp:attachment":[{"href":"https:\/\/gutreigalicia.com\/fr\/wp-json\/wp\/v2\/media?parent=20405"}],"curies":[{"name":"wp","href":"https:\/\/api.w.org\/{rel}","templated":true}]}}