{"id":20415,"date":"2020-05-21T15:29:28","date_gmt":"2020-05-21T15:29:28","guid":{"rendered":"https:\/\/gutreigalicia.com\/politique-de-cookies\/"},"modified":"2020-08-26T13:43:42","modified_gmt":"2020-08-26T13:43:42","slug":"politique-de-cookies","status":"publish","type":"page","link":"https:\/\/gutreigalicia.com\/fr\/politique-de-cookies\/","title":{"rendered":"Politique de cookies"},"content":{"rendered":"<div class=\"fusion-fullwidth fullwidth-box fusion-builder-row-1 nonhundred-percent-fullwidth non-hundred-percent-height-scrolling\" style=\"--awb-border-radius-top-left:0px;--awb-border-radius-top-right:0px;--awb-border-radius-bottom-right:0px;--awb-border-radius-bottom-left:0px;--awb-flex-wrap:wrap;\" ><div class=\"fusion-builder-row fusion-row\"><div class=\"fusion-layout-column fusion_builder_column fusion-builder-column-0 fusion_builder_column_1_1 1_1 fusion-one-full fusion-column-first fusion-column-last\" style=\"--awb-bg-size:cover;--awb-margin-bottom:0px;\"><div class=\"fusion-column-wrapper fusion-flex-column-wrapper-legacy\"><div class=\"fusion-text fusion-text-1\"><h1>Politique de cookies<\/h1>\n<p>Un <em>cookie<\/em> est un petit fichier texte qui est stock\u00e9 dans votre navigateur lorsque vous visitez presque n&rsquo;importe quelle page Web. Son utilit\u00e9 est que le Web peut se souvenir de votre visite lorsque vous revenez sur cette page. Les cookies stockent g\u00e9n\u00e9ralement des informations techniques, des pr\u00e9f\u00e9rences personnelles, la personnalisation du contenu, des statistiques d&rsquo;utilisation, des liens vers les r\u00e9seaux sociaux, l&rsquo;acc\u00e8s aux comptes d&rsquo;utilisateurs, etc. L&rsquo;objectif<br \/>\ndu cookie est d&rsquo;adapter le contenu du Web \u00e0 votre profil et \u00e0 vos besoins, sans cookies, les services offerts par n&rsquo;importe quelle page seraient consid\u00e9rablement r\u00e9duits. Si vous souhaitez consulter plus d&rsquo;informations sur ce que sont les cookies, ce qu&rsquo;ils stockent, comment les \u00e9liminer, les d\u00e9sactiver, etc., veuillez consulter ce lien.<\/p>\n<h2>Cookies utilis\u00e9s sur ce site<\/h2>\n<p>En suivant les directives de l&rsquo;Agence espagnole de protection des donn\u00e9es, nous proc\u00e9dons en d\u00e9tail \u00e0 l&rsquo;utilisation des cookies effectu\u00e9s par ce site Web afin de vous informer le plus pr\u00e9cis\u00e9ment possible.<\/p>\n<p>Ce site Web utilise les propres cookies suivants:<\/p>\n<ul>\n<li>Cookies de session, pour garantir que les utilisateurs qui \u00e9crivent des commentaires sur le blog sont des applications humaines et non automatis\u00e9es. De cette fa\u00e7on, le spam est combattu.<\/li>\n<\/ul>\n<p>Ce site Web utilise les cookies tiers suivants::<\/p>\n<ul>\n<li>Google Analytics: stocke les cookies pour pouvoir compiler des statistiques sur le trafic et le volume de visites sur ce site. En utilisant ce site Web, vous acceptez le traitement des informations vous concernant par Google. Par cons\u00e9quent, l&rsquo;exercice de tout droit \u00e0 cet \u00e9gard doit se faire en communiquant directement avec Google.<\/li>\n<li>R\u00e9seaux sociaux: chaque r\u00e9seau social utilise ses propres cookies afin que vous puissiez cliquer sur des boutons tels que J&rsquo;aime ou Partager.<\/li>\n<\/ul>\n<h2>D\u00e9sactivation ou suppression des cookies<\/h2>\n<p>\u00c0 tout moment, vous pouvez exercer votre droit de d\u00e9sactiver ou de supprimer les cookies de ce site Web. Ces actions sont effectu\u00e9es diff\u00e9remment selon le navigateur que vous utilisez. Ici, <a href=\"https:\/\/gutreigalicia.com\/mas-informacion-sobre-las-cookies\/?v=cc88fd228413#navegadores\" target=\"_blank\" rel=\"noopener noreferrer\">nous vous laissons un guide rapide pour les navigateurs les plus populaires<\/a>.<\/p>\n<h2>Notas compl\u00e9mentaires<\/h2>\n<ul>\n<li>Ni ce site Web ni ses repr\u00e9sentants l\u00e9gaux ne sont responsables du contenu ou de la v\u00e9racit\u00e9 des politiques de confidentialit\u00e9 que les tiers mentionn\u00e9s dans cette politique de cookies peuvent avoir.<\/li>\n<li>Les navigateurs Web sont les outils en charge du stockage des cookies et \u00e0 partir de cet endroit, vous devez exercer votre droit de les supprimer ou de les d\u00e9sactiver. Ni ce site ni ses repr\u00e9sentants l\u00e9gaux ne peuvent garantir la manipulation correcte ou incorrecte des cookies par les navigateurs susmentionn\u00e9s.<\/li>\n<li>Dans certains cas, il est n\u00e9cessaire d&rsquo;installer des cookies afin que le navigateur n&rsquo;oublie pas votre d\u00e9cision de ne pas les accepter.<\/li>\n<li>Dans le cas des cookies de Google Analytics, cette soci\u00e9t\u00e9 stocke des cookies sur des serveurs situ\u00e9s aux \u00c9tats-Unis et s&rsquo;engage \u00e0 ne pas les partager avec des tiers, sauf dans les cas o\u00f9 cela est n\u00e9cessaire au fonctionnement du syst\u00e8me ou lorsque la loi l&rsquo;exige un tel effet. Selon Google, il n&rsquo;enregistre pas votre adresse IP. Google Inc. est une entreprise adh\u00e9rant \u00e0 l&rsquo;accord Safe Harbor qui garantit que toutes les donn\u00e9es transf\u00e9r\u00e9es seront trait\u00e9es avec un niveau de protection conform\u00e9ment aux r\u00e9glementations europ\u00e9ennes. Vous pouvez consulter des informations d\u00e9taill\u00e9es \u00e0 ce sujet sur ce lien. Si vous souhaitez des informations sur l&rsquo;utilisation que Google donne aux cookies, nous attachons cet autre lien.<\/li>\n<li>Pour toute question ou question concernant cette politique de cookies, n&rsquo;h\u00e9sitez pas \u00e0 nous contacter via la <a href=\"https:\/\/gutreigalicia.com\/fr\/contact\/\">section contact<\/a>.<\/li>\n<\/ul>\n<p><a href=\"http:\/\/wordpress.org\/plugins\/asesor-cookies-para-la-ley-en-espana\/\" target=\"_blank\" rel=\"noopener noreferrer\">Cookie Advisor est un plugin pour WordPress<\/a><\/p>\n<\/div><div class=\"fusion-clearfix\"><\/div><\/div><\/div><\/div><\/div>\n","protected":false},"excerpt":{"rendered":"","protected":false},"author":53,"featured_media":0,"parent":0,"menu_order":0,"comment_status":"closed","ping_status":"closed","template":"","meta":{"footnotes":""},"class_list":["post-20415","page","type-page","status-publish","hentry"],"_links":{"self":[{"href":"https:\/\/gutreigalicia.com\/fr\/wp-json\/wp\/v2\/pages\/20415","targetHints":{"allow":["GET"]}}],"collection":[{"href":"https:\/\/gutreigalicia.com\/fr\/wp-json\/wp\/v2\/pages"}],"about":[{"href":"https:\/\/gutreigalicia.com\/fr\/wp-json\/wp\/v2\/types\/page"}],"author":[{"embeddable":true,"href":"https:\/\/gutreigalicia.com\/fr\/wp-json\/wp\/v2\/users\/53"}],"replies":[{"embeddable":true,"href":"https:\/\/gutreigalicia.com\/fr\/wp-json\/wp\/v2\/comments?post=20415"}],"version-history":[{"count":0,"href":"https:\/\/gutreigalicia.com\/fr\/wp-json\/wp\/v2\/pages\/20415\/revisions"}],"wp:attachment":[{"href":"https:\/\/gutreigalicia.com\/fr\/wp-json\/wp\/v2\/media?parent=20415"}],"curies":[{"name":"wp","href":"https:\/\/api.w.org\/{rel}","templated":true}]}}