{"id":20417,"date":"2020-05-21T15:40:37","date_gmt":"2020-05-21T15:40:37","guid":{"rendered":"https:\/\/gutreigalicia.com\/politique-de-confidentialite\/"},"modified":"2020-08-26T13:43:42","modified_gmt":"2020-08-26T13:43:42","slug":"politique-de-confidentialite","status":"publish","type":"page","link":"https:\/\/gutreigalicia.com\/fr\/politique-de-confidentialite\/","title":{"rendered":"POLITIQUE DE CONFIDENTIALIT\u00c9"},"content":{"rendered":"<div class=\"fusion-fullwidth fullwidth-box fusion-builder-row-1 nonhundred-percent-fullwidth non-hundred-percent-height-scrolling\" style=\"--awb-border-radius-top-left:0px;--awb-border-radius-top-right:0px;--awb-border-radius-bottom-right:0px;--awb-border-radius-bottom-left:0px;--awb-flex-wrap:wrap;\" ><div class=\"fusion-builder-row fusion-row\"><div class=\"fusion-layout-column fusion_builder_column fusion-builder-column-0 fusion_builder_column_1_1 1_1 fusion-one-full fusion-column-first fusion-column-last\" style=\"--awb-bg-size:cover;\"><div class=\"fusion-column-wrapper fusion-column-has-shadow fusion-flex-column-wrapper-legacy\"><div class=\"fusion-text fusion-text-1\"><p align=\"center\"><strong>POLITIQUE DE CONFIDENTIALIT\u00c9<\/strong><\/p>\n<p align=\"justify\">Gr\u00e2ce \u00e0 cette politique de confidentialit\u00e9, nous nous engageons \u00e0 garantir que vos informations personnelles sont prot\u00e9g\u00e9es et ne sont pas utilis\u00e9es \u00e0 mauvais escient.<br \/>\nDans ce document, nous expliquons qui est responsable du traitement, dans quel but vos informations personnelles seront trait\u00e9es, la l\u00e9gitimit\u00e9 du traitement, comment nous les collectons, comment nous les utilisons, les droits qui vous assistent et expliquons \u00e9galement les processus que nous avons organis\u00e9s pour prot\u00e9ger votre vie priv\u00e9e.<br \/>\nEn nous fournissant vos informations personnelles et en utilisant nos sites Web, nous comprenons que vous avez lu et compris les termes li\u00e9s aux informations de protection des donn\u00e9es personnelles qui sont expos\u00e9es. Il assume la responsabilit\u00e9 de se conformer \u00e0 la l\u00e9gislation en vigueur sur la protection des donn\u00e9es nationale et europ\u00e9enne, et vise \u00e0 traiter vos donn\u00e9es de mani\u00e8re licite, \u00e9quitable et transparente.<\/p>\n<table width=\"630\" cellspacing=\"0\" cellpadding=\"4\">\n<colgroup>\n<col width=\"129\" \/>\n<col width=\"483\" \/><\/colgroup>\n<tbody>\n<tr valign=\"top\">\n<td width=\"129\" height=\"39\">\n<p align=\"justify\"><b>RESPONSABLE DU TRAITEMENT<\/b><\/p>\n<\/td>\n<td width=\"483\">\n<p align=\"center\">Jose Manuel Gutierrez Reimondez<\/p>\n<p align=\"center\">(GUTREI GALICIA)<\/p>\n<\/td>\n<\/tr>\n<tr valign=\"top\">\n<td width=\"129\">\n<p align=\"justify\"><b>OBJECTIF<\/b><\/p>\n<\/td>\n<td width=\"483\">\n<p align=\"justify\">Alimentation<\/p>\n<\/td>\n<\/tr>\n<tr valign=\"top\">\n<td width=\"129\" height=\"35\">\n<p align=\"justify\"><strong>L\u00c9GITIMATION<\/strong><\/p>\n<\/td>\n<td width=\"483\">* Pour l&rsquo;ex\u00e9cution d&rsquo;un contrat et \/ ou d&rsquo;une relation commerciale.<\/p>\n<p>* Pour l&rsquo;accomplissement de diff\u00e9rentes obligations l\u00e9gales.<\/p>\n<p>* Pour un int\u00e9r\u00eat l\u00e9gitime, par exemple, pour des raisons de s\u00e9curit\u00e9, pr\u00e9vention de la fraude.<\/p>\n<p>* Pour am\u00e9liorer nos services et produits, ou pour g\u00e9rer les demandes, requ\u00eates ou r\u00e9clamations \u00e9ventuelles qui pourraient survenir.<\/p>\n<p>* Avec votre consentement expr\u00e8s.<\/td>\n<\/tr>\n<tr valign=\"top\">\n<td width=\"129\">\n<p align=\"justify\"><strong>PR\u00c9SERVATION<\/strong><\/p>\n<\/td>\n<td width=\"483\">Nous ne stockons vos informations personnelles que dans la mesure o\u00f9 nous en avons besoin afin de pouvoir les utiliser conform\u00e9ment \u00e0 la finalit\u00e9 pour laquelle elles ont \u00e9t\u00e9 collect\u00e9es et selon la base l\u00e9gale pour le traitement de celles-ci conform\u00e9ment \u00e0 la loi applicable. Nous conserverons vos informations personnelles tant qu&rsquo;il y aura une relation contractuelle et \/ ou commerciale avec vous, ou tant que vous n&rsquo;exercerez pas votre droit de supprimer, d&rsquo;annuler et \/ ou de limiter le traitement de vos donn\u00e9es.<\/p>\n<p>Dans ces cas, nous conserverons les informations d\u00fbment bloqu\u00e9es, sans leur donner aucune utilisation, alors qu&rsquo;elles peuvent \u00eatre n\u00e9cessaires \u00e0 l&rsquo;exercice ou \u00e0 la d\u00e9fense de r\u00e9clamations ou qu&rsquo;un certain type de responsabilit\u00e9 judiciaire, juridique ou contractuelle peut d\u00e9couler de leur traitement, qui doit \u00eatre suivi et pour lequel il est n\u00e9cessaire votre r\u00e9cup\u00e9ration.<\/td>\n<\/tr>\n<tr valign=\"top\">\n<td width=\"129\" height=\"215\">\n<p align=\"justify\"><strong>B\u00c9N\u00c9FICIAIRES<\/strong><\/p>\n<\/td>\n<td width=\"483\">Si vous nous avez donn\u00e9 votre consentement, les informations que vous fournissez seront communiqu\u00e9es aux entreprises ou aux professionnels directement li\u00e9s \u00e0 la personne responsable. De m\u00eame, il existe des entreprises qui nous fournissent d&rsquo;autres types de services tels que: les technologies de l&rsquo;information (stockage et traitement de l&rsquo;information), comptabilit\u00e9, fiscalit\u00e9, audit, etc. Ces tiers n&rsquo;ont acc\u00e8s qu&rsquo;aux informations personnelles dont ils ont besoin pour effectuer ces services. Ils sont tenus de garder vos informations personnelles confidentielles et ne peuvent pas les utiliser d&rsquo;une autre mani\u00e8re que celle que nous avons demand\u00e9e. Toutes ces soci\u00e9t\u00e9s appliquent le m\u00eame degr\u00e9 de protection que la responsable, et l&rsquo;acc\u00e8s est r\u00e9glement\u00e9 par un contrat de gestionnaire de traitement.<\/p>\n<p>De m\u00eame, vos informations personnelles seront mises \u00e0 la disposition des administrations publiques, des juges et des tribunaux, \u00e0 l&rsquo;attention des \u00e9ventuelles responsabilit\u00e9s d\u00e9coulant du traitement.<\/td>\n<\/tr>\n<tr valign=\"top\">\n<td width=\"129\" height=\"93\"><strong>DROITS DES PERSONNES CONCERNEES<\/strong><\/td>\n<td width=\"483\">\n<p align=\"justify\">Les parties int\u00e9ress\u00e9es peuvent exercer leurs droits <strong>d&rsquo;acc\u00e8s, de rectification, de suppression, de portabilit\u00e9 et de limitation ou d&rsquo;opposition<\/strong>, par \u00e9crit, accompagnant une photocopie du DNI \u00e0<\/p>\n<p align=\"justify\"><a href=\"mailto:info@gutreigalicia.com\">infofr@gutreigalicia.com<\/a><\/p>\n<p align=\"justify\">\n<\/td>\n<\/tr>\n<\/tbody>\n<\/table>\n<table width=\"630\" cellspacing=\"0\" cellpadding=\"4\">\n<colgroup>\n<col width=\"128\" \/>\n<col width=\"484\" \/><\/colgroup>\n<tbody>\n<tr valign=\"top\">\n<td width=\"128\">\n<p align=\"justify\"><strong>Transferance internationale<\/strong><\/p>\n<\/td>\n<td width=\"484\">\n<p align=\"justify\">Les informations personnelles que nous collectons r\u00e9sident en Espagne, aucun transfert de donn\u00e9es international n&rsquo;est effectu\u00e9.<\/p>\n<\/td>\n<\/tr>\n<tr valign=\"top\">\n<td width=\"128\">\n<p align=\"justify\"><strong>Liens vers des sites tiers<\/strong><\/p>\n<\/td>\n<td width=\"484\">\n<p align=\"justify\">Dans le cas o\u00f9 nous fournissons des liens vers des sites Web qui ne sont pas exploit\u00e9s ou contr\u00f4l\u00e9s par nous, vous en serez inform\u00e9 rapidement. Puisque nous n&rsquo;avons aucun contr\u00f4le sur ces sites et nous ne sommes pas responsables de leur contenu.<\/p>\n<\/td>\n<\/tr>\n<tr valign=\"top\">\n<td width=\"128\">\n<p align=\"justify\"><strong>Donn\u00e9es des mineurs<\/strong><\/p>\n<\/td>\n<td width=\"484\">\n<p align=\"justify\">Nous ne recueillons sciemment aucune information personnelle des mineurs, sauf avec l&rsquo;autorisation du parent ou du tuteur.<br \/>\nSi vous \u00eates mineur, n&rsquo;essayez pas de vous inscrire en tant qu&rsquo;utilisateur de nos sites Web. Si nous d\u00e9couvrons que nous avons obtenu par erreur des informations personnelles d&rsquo;un mineur,<br \/>\nnous supprimerons ces informations d\u00e8s que possible.<\/p>\n<\/td>\n<\/tr>\n<\/tbody>\n<\/table>\n<p><strong>Nous avons mis en place les mesures techniques et organisationnelles appropri\u00e9es afin de prot\u00e9ger vos donn\u00e9es personnelles, et ces mesures sont revues p\u00e9riodiquement.<\/strong><\/p>\n<p>L&rsquo;<strong>Entit\u00e9<\/strong> se r\u00e9serve le droit de modifier cette politique afin de l&rsquo;adapter \u00e0 la nouvelle l\u00e9gislation ou jurisprudence ainsi qu&rsquo;aux pratiques de l&rsquo;industrie. Dans de tels cas, <strong>l&rsquo;Entit\u00e9<\/strong> annoncera sur cette page les changements introduits avec un pr\u00e9avis raisonnable avant sa mise en \u0153uvre.<\/p>\n<p>Nous vous informons \u00e9galement que vous pouvez contacter l&rsquo;autorit\u00e9 de contr\u00f4le de la protection des donn\u00e9es comp\u00e9tente pour obtenir des informations suppl\u00e9mentaires ou d\u00e9poser une r\u00e9clamation.<\/p>\n<\/div><div class=\"fusion-clearfix\"><\/div><\/div><\/div><\/div><\/div>\n","protected":false},"excerpt":{"rendered":"","protected":false},"author":53,"featured_media":0,"parent":0,"menu_order":0,"comment_status":"closed","ping_status":"closed","template":"","meta":{"footnotes":""},"class_list":["post-20417","page","type-page","status-publish","hentry"],"_links":{"self":[{"href":"https:\/\/gutreigalicia.com\/fr\/wp-json\/wp\/v2\/pages\/20417","targetHints":{"allow":["GET"]}}],"collection":[{"href":"https:\/\/gutreigalicia.com\/fr\/wp-json\/wp\/v2\/pages"}],"about":[{"href":"https:\/\/gutreigalicia.com\/fr\/wp-json\/wp\/v2\/types\/page"}],"author":[{"embeddable":true,"href":"https:\/\/gutreigalicia.com\/fr\/wp-json\/wp\/v2\/users\/53"}],"replies":[{"embeddable":true,"href":"https:\/\/gutreigalicia.com\/fr\/wp-json\/wp\/v2\/comments?post=20417"}],"version-history":[{"count":0,"href":"https:\/\/gutreigalicia.com\/fr\/wp-json\/wp\/v2\/pages\/20417\/revisions"}],"wp:attachment":[{"href":"https:\/\/gutreigalicia.com\/fr\/wp-json\/wp\/v2\/media?parent=20417"}],"curies":[{"name":"wp","href":"https:\/\/api.w.org\/{rel}","templated":true}]}}