{"id":21448,"date":"2020-07-07T14:46:06","date_gmt":"2020-07-07T14:46:06","guid":{"rendered":"https:\/\/gutreigalicia.com\/carne-galicia\/tbone\/"},"modified":"2022-12-15T13:20:59","modified_gmt":"2022-12-15T13:20:59","slug":"tbone","status":"publish","type":"product","link":"https:\/\/gutreigalicia.com\/fr\/carne-galicia\/tbone\/","title":{"rendered":"Tbone"},"content":{"rendered":"","protected":false},"excerpt":{"rendered":"<p>C&rsquo;est une coupe qui rassemble deux morceaux de viande de filet et la longe inf\u00e9rieure, consid\u00e9r\u00e9e comme l&rsquo;une des coupes les plus savoureuses et les plus tendres, r\u00e9alisant un m\u00e9lange de saveurs avec la douceur du filet et la texture de la longe, offrant un contraste de diff\u00e9rentes saveurs en bouche.<\/p>\n<p>Tbone vache Gutrei 750gr (Commande m\u00ednimums 2 pi\u00e8ces)<\/p>\n","protected":false},"featured_media":21438,"template":"","meta":[],"product_brand":[],"product_cat":[100],"product_tag":[],"class_list":{"0":"post-21448","1":"product","2":"type-product","3":"status-publish","4":"has-post-thumbnail","6":"product_cat-vache-gutrei","8":"first","9":"instock","10":"taxable","11":"shipping-taxable","12":"purchasable","13":"product-type-simple"},"group_of_quantity":0,"min_quantity":0,"max_quantity":"","exclude_order_quantity_value_rules":"no","exclude_category_quantity_rules":"no","combine_variations":"no","_links":{"self":[{"href":"https:\/\/gutreigalicia.com\/fr\/wp-json\/wp\/v2\/product\/21448","targetHints":{"allow":["GET"]}}],"collection":[{"href":"https:\/\/gutreigalicia.com\/fr\/wp-json\/wp\/v2\/product"}],"about":[{"href":"https:\/\/gutreigalicia.com\/fr\/wp-json\/wp\/v2\/types\/product"}],"wp:featuredmedia":[{"embeddable":true,"href":"https:\/\/gutreigalicia.com\/fr\/wp-json\/wp\/v2\/media\/21438"}],"wp:attachment":[{"href":"https:\/\/gutreigalicia.com\/fr\/wp-json\/wp\/v2\/media?parent=21448"}],"wp:term":[{"taxonomy":"product_brand","embeddable":true,"href":"https:\/\/gutreigalicia.com\/fr\/wp-json\/wp\/v2\/product_brand?post=21448"},{"taxonomy":"product_cat","embeddable":true,"href":"https:\/\/gutreigalicia.com\/fr\/wp-json\/wp\/v2\/product_cat?post=21448"},{"taxonomy":"product_tag","embeddable":true,"href":"https:\/\/gutreigalicia.com\/fr\/wp-json\/wp\/v2\/product_tag?post=21448"}],"curies":[{"name":"wp","href":"https:\/\/api.w.org\/{rel}","templated":true}]}}