{"id":23407,"date":"2020-11-12T16:15:10","date_gmt":"2020-11-13T00:00:10","guid":{"rendered":"https:\/\/gutreigalicia.com\/?post_type=product&#038;p=23407"},"modified":"2024-06-13T10:39:17","modified_gmt":"2024-06-13T10:39:17","slug":"pack-blackfriday-12","status":"publish","type":"product","link":"https:\/\/gutreigalicia.com\/fr\/carne-galicia\/pack-blackfriday-12\/","title":{"rendered":"Pack 12 c\u00f4tes a l&rsquo;oss de vache"},"content":{"rendered":"<p>Un m\u00e9gapack de 12 unit\u00e9s \u00e0 un prix scandaleux!<\/p>\n","protected":false},"excerpt":{"rendered":"<p>Un m\u00e9gapack de 12 unit\u00e9s \u00e0 un prix scandaleux!<\/p>\n","protected":false},"featured_media":40575,"template":"","meta":[],"product_brand":[],"product_cat":[97],"product_tag":[],"class_list":{"0":"post-23407","1":"product","2":"type-product","3":"status-publish","4":"has-post-thumbnail","6":"product_cat-nos-packs","8":"first","9":"instock","10":"taxable","11":"shipping-taxable","12":"purchasable","13":"product-type-simple"},"group_of_quantity":0,"min_quantity":0,"max_quantity":"","exclude_order_quantity_value_rules":"no","exclude_category_quantity_rules":"no","combine_variations":"no","_links":{"self":[{"href":"https:\/\/gutreigalicia.com\/fr\/wp-json\/wp\/v2\/product\/23407","targetHints":{"allow":["GET"]}}],"collection":[{"href":"https:\/\/gutreigalicia.com\/fr\/wp-json\/wp\/v2\/product"}],"about":[{"href":"https:\/\/gutreigalicia.com\/fr\/wp-json\/wp\/v2\/types\/product"}],"wp:featuredmedia":[{"embeddable":true,"href":"https:\/\/gutreigalicia.com\/fr\/wp-json\/wp\/v2\/media\/40575"}],"wp:attachment":[{"href":"https:\/\/gutreigalicia.com\/fr\/wp-json\/wp\/v2\/media?parent=23407"}],"wp:term":[{"taxonomy":"product_brand","embeddable":true,"href":"https:\/\/gutreigalicia.com\/fr\/wp-json\/wp\/v2\/product_brand?post=23407"},{"taxonomy":"product_cat","embeddable":true,"href":"https:\/\/gutreigalicia.com\/fr\/wp-json\/wp\/v2\/product_cat?post=23407"},{"taxonomy":"product_tag","embeddable":true,"href":"https:\/\/gutreigalicia.com\/fr\/wp-json\/wp\/v2\/product_tag?post=23407"}],"curies":[{"name":"wp","href":"https:\/\/api.w.org\/{rel}","templated":true}]}}