{"id":23893,"date":"2020-11-15T00:01:40","date_gmt":"2020-11-15T00:01:40","guid":{"rendered":"https:\/\/gutreigalicia.com\/carne-galicia\/petales-de-sel-blanc-60-gr-recipient-en-verre\/"},"modified":"2021-05-10T09:51:39","modified_gmt":"2021-05-10T09:51:39","slug":"petales-de-sel-blanc-60-gr-recipient-en-verre","status":"publish","type":"product","link":"https:\/\/gutreigalicia.com\/fr\/carne-galicia\/petales-de-sel-blanc-60-gr-recipient-en-verre\/","title":{"rendered":"P\u00e9tales de Sel Blanc (60 gr. R\u00e9cipient en verre)"},"content":{"rendered":"<p>Ce produit est vendu uniquement en compl\u00e9ment de nos viandes.<\/p>\n","protected":false},"excerpt":{"rendered":"<p>Un sel diff\u00e9rent, croquant, d\u00e9licat et si fin qu&rsquo;il ne se dissout qu&rsquo;au toucher des l\u00e8vres. P\u00e9tales croquants avec un bouquet intense qui se fondent dans l&rsquo;assiette, rehaussant les saveurs.<\/p>\n","protected":false},"featured_media":23283,"template":"","meta":[],"product_brand":[],"product_cat":[178],"product_tag":[],"class_list":{"0":"post-23893","1":"product","2":"type-product","3":"status-publish","4":"has-post-thumbnail","6":"product_cat-sel","8":"first","9":"instock","10":"taxable","11":"shipping-taxable","12":"purchasable","13":"product-type-simple"},"group_of_quantity":0,"min_quantity":0,"max_quantity":"","exclude_order_quantity_value_rules":"no","exclude_category_quantity_rules":"no","combine_variations":"no","_links":{"self":[{"href":"https:\/\/gutreigalicia.com\/fr\/wp-json\/wp\/v2\/product\/23893","targetHints":{"allow":["GET"]}}],"collection":[{"href":"https:\/\/gutreigalicia.com\/fr\/wp-json\/wp\/v2\/product"}],"about":[{"href":"https:\/\/gutreigalicia.com\/fr\/wp-json\/wp\/v2\/types\/product"}],"wp:featuredmedia":[{"embeddable":true,"href":"https:\/\/gutreigalicia.com\/fr\/wp-json\/wp\/v2\/media\/23283"}],"wp:attachment":[{"href":"https:\/\/gutreigalicia.com\/fr\/wp-json\/wp\/v2\/media?parent=23893"}],"wp:term":[{"taxonomy":"product_brand","embeddable":true,"href":"https:\/\/gutreigalicia.com\/fr\/wp-json\/wp\/v2\/product_brand?post=23893"},{"taxonomy":"product_cat","embeddable":true,"href":"https:\/\/gutreigalicia.com\/fr\/wp-json\/wp\/v2\/product_cat?post=23893"},{"taxonomy":"product_tag","embeddable":true,"href":"https:\/\/gutreigalicia.com\/fr\/wp-json\/wp\/v2\/product_tag?post=23893"}],"curies":[{"name":"wp","href":"https:\/\/api.w.org\/{rel}","templated":true}]}}