{"id":23897,"date":"2020-11-15T00:05:41","date_gmt":"2020-11-15T00:05:41","guid":{"rendered":"https:\/\/gutreigalicia.com\/carne-galicia\/cinq-petales-de-sel-de-poivre-recipient-en-verre-de-60-gr\/"},"modified":"2020-11-15T00:05:41","modified_gmt":"2020-11-15T00:05:41","slug":"cinq-petales-de-sel-de-poivre-recipient-en-verre-de-60-gr","status":"publish","type":"product","link":"https:\/\/gutreigalicia.com\/fr\/carne-galicia\/cinq-petales-de-sel-de-poivre-recipient-en-verre-de-60-gr\/","title":{"rendered":"Cinq p\u00e9tales de sel de poivre (r\u00e9cipient en verre de 60 gr)"},"content":{"rendered":"<p>Ce produit est vendu uniquement en compl\u00e9ment de nos viandes.<\/p>\n","protected":false},"excerpt":{"rendered":"<p>Des p\u00e9tales de sel d\u00e9licats et croquants m\u00e9lang\u00e9s \u00e0 une s\u00e9lection exquise de poivrons et qui, ensemble, se fondent dans l&rsquo;assiette pour rehausser les saveurs.<\/p>\n","protected":false},"featured_media":23307,"template":"","meta":[],"product_brand":[],"product_cat":[178],"product_tag":[],"class_list":{"0":"post-23897","1":"product","2":"type-product","3":"status-publish","4":"has-post-thumbnail","6":"product_cat-sel","8":"first","9":"instock","10":"taxable","11":"shipping-taxable","12":"purchasable","13":"product-type-simple"},"group_of_quantity":0,"min_quantity":0,"max_quantity":"","exclude_order_quantity_value_rules":"no","exclude_category_quantity_rules":"no","combine_variations":"no","_links":{"self":[{"href":"https:\/\/gutreigalicia.com\/fr\/wp-json\/wp\/v2\/product\/23897","targetHints":{"allow":["GET"]}}],"collection":[{"href":"https:\/\/gutreigalicia.com\/fr\/wp-json\/wp\/v2\/product"}],"about":[{"href":"https:\/\/gutreigalicia.com\/fr\/wp-json\/wp\/v2\/types\/product"}],"wp:featuredmedia":[{"embeddable":true,"href":"https:\/\/gutreigalicia.com\/fr\/wp-json\/wp\/v2\/media\/23307"}],"wp:attachment":[{"href":"https:\/\/gutreigalicia.com\/fr\/wp-json\/wp\/v2\/media?parent=23897"}],"wp:term":[{"taxonomy":"product_brand","embeddable":true,"href":"https:\/\/gutreigalicia.com\/fr\/wp-json\/wp\/v2\/product_brand?post=23897"},{"taxonomy":"product_cat","embeddable":true,"href":"https:\/\/gutreigalicia.com\/fr\/wp-json\/wp\/v2\/product_cat?post=23897"},{"taxonomy":"product_tag","embeddable":true,"href":"https:\/\/gutreigalicia.com\/fr\/wp-json\/wp\/v2\/product_tag?post=23897"}],"curies":[{"name":"wp","href":"https:\/\/api.w.org\/{rel}","templated":true}]}}