{"id":23898,"date":"2020-10-15T00:00:44","date_gmt":"2020-11-15T00:00:44","guid":{"rendered":"https:\/\/gutreigalicia.com\/carne-galicia\/sel-rose-de-lhimalaya-recipient-en-verre-de-120-gr\/"},"modified":"2020-11-15T00:00:44","modified_gmt":"2020-11-15T00:00:44","slug":"sel-rose-de-lhimalaya-recipient-en-verre-de-120-gr","status":"publish","type":"product","link":"https:\/\/gutreigalicia.com\/fr\/carne-galicia\/sel-rose-de-lhimalaya-recipient-en-verre-de-120-gr\/","title":{"rendered":"Sel rose de l&rsquo;Himalaya (r\u00e9cipient en verre de 120 gr.)"},"content":{"rendered":"<p>Ce produit est vendu uniquement en compl\u00e9ment de nos viandes.<\/p>\n","protected":false},"excerpt":{"rendered":"<p>Form\u00e9 sous haute pression sous les montagnes himalayennes il y a 250 millions d&rsquo;ann\u00e9es, sans pollution et sans processus de raffinage, il ne contient aucun additif ajout\u00e9. Contenant 84 \u00e9l\u00e9ments essentiels \u00e0 la vie, le degr\u00e9 de compression sous les montagnes a cr\u00e9\u00e9 une structure cristalline parfaite dans le sel, ce qui aide \u00e0 maintenir l&rsquo;\u00e9quilibre naturel du corps. Ce sel qui a une couleur rose, \u00e9tant le jaune, n&rsquo;a pas l&rsquo;arri\u00e8re-go\u00fbt amer comme le sel marin.<\/p>\n<p>Un gros sel de couleur rose s&rsquo;est form\u00e9 sous haute pression sous les montagnes il y a 250 millions d&rsquo;ann\u00e9es.<\/p>\n","protected":false},"featured_media":23312,"template":"","meta":[],"product_brand":[],"product_cat":[178],"product_tag":[],"class_list":{"0":"post-23898","1":"product","2":"type-product","3":"status-publish","4":"has-post-thumbnail","6":"product_cat-sel","8":"first","9":"instock","10":"taxable","11":"shipping-taxable","12":"purchasable","13":"product-type-simple"},"group_of_quantity":0,"min_quantity":0,"max_quantity":"","exclude_order_quantity_value_rules":"no","exclude_category_quantity_rules":"no","combine_variations":"no","_links":{"self":[{"href":"https:\/\/gutreigalicia.com\/fr\/wp-json\/wp\/v2\/product\/23898","targetHints":{"allow":["GET"]}}],"collection":[{"href":"https:\/\/gutreigalicia.com\/fr\/wp-json\/wp\/v2\/product"}],"about":[{"href":"https:\/\/gutreigalicia.com\/fr\/wp-json\/wp\/v2\/types\/product"}],"wp:featuredmedia":[{"embeddable":true,"href":"https:\/\/gutreigalicia.com\/fr\/wp-json\/wp\/v2\/media\/23312"}],"wp:attachment":[{"href":"https:\/\/gutreigalicia.com\/fr\/wp-json\/wp\/v2\/media?parent=23898"}],"wp:term":[{"taxonomy":"product_brand","embeddable":true,"href":"https:\/\/gutreigalicia.com\/fr\/wp-json\/wp\/v2\/product_brand?post=23898"},{"taxonomy":"product_cat","embeddable":true,"href":"https:\/\/gutreigalicia.com\/fr\/wp-json\/wp\/v2\/product_cat?post=23898"},{"taxonomy":"product_tag","embeddable":true,"href":"https:\/\/gutreigalicia.com\/fr\/wp-json\/wp\/v2\/product_tag?post=23898"}],"curies":[{"name":"wp","href":"https:\/\/api.w.org\/{rel}","templated":true}]}}