{"id":21903,"date":"2020-08-03T14:22:35","date_gmt":"2020-08-03T14:22:35","guid":{"rendered":"https:\/\/gutreigalicia.com\/origem\/"},"modified":"2020-08-03T14:22:36","modified_gmt":"2020-08-03T14:22:36","slug":"origem","status":"publish","type":"page","link":"https:\/\/gutreigalicia.com\/pt-pt\/origem\/","title":{"rendered":"Origem"},"content":{"rendered":"<p><div class=\"fusion-fullwidth fullwidth-box fusion-builder-row-1 fusion-parallax-none hundred-percent-fullwidth hundred-percent-height hundred-percent-height-center-content non-hundred-percent-height-scrolling\" style=\"--awb-border-radius-top-left:0px;--awb-border-radius-top-right:0px;--awb-border-radius-bottom-right:0px;--awb-border-radius-bottom-left:0px;--awb-padding-top:15%;--awb-padding-bottom:300px;--awb-background-image:url(&quot;https:\/\/gutreigalicia.com\/wp-content\/uploads\/2020\/01\/gutrei-galicia.jpg&quot;);--awb-background-size:cover;--awb-flex-wrap:wrap;\" ><div class=\"fusion-fullwidth-center-content\"><div class=\"fusion-builder-row fusion-row\"><div class=\"fusion-layout-column fusion_builder_column fusion-builder-column-0 fusion_builder_column_1_1 1_1 fusion-one-full fusion-column-first fusion-column-last\" style=\"--awb-bg-size:cover;\"><div class=\"fusion-column-wrapper fusion-column-has-shadow fusion-flex-column-wrapper-legacy\"><div class=\"fusion-clearfix\"><\/div><\/div><\/div><\/div><\/div><\/div><div class=\"fusion-fullwidth fullwidth-box fusion-builder-row-2 nonhundred-percent-fullwidth non-hundred-percent-height-scrolling\" style=\"--awb-border-radius-top-left:0px;--awb-border-radius-top-right:0px;--awb-border-radius-bottom-right:0px;--awb-border-radius-bottom-left:0px;--awb-margin-top:7%;--awb-margin-bottom:7%;--awb-flex-wrap:wrap;\" ><div class=\"fusion-builder-row fusion-row\"><div class=\"fusion-layout-column fusion_builder_column fusion-builder-column-1 fusion_builder_column_2_3 2_3 fusion-two-third fusion-column-first\" style=\"--awb-bg-size:cover;--awb-margin-bottom:0px;width:65.3333%; margin-right: 4%;\"><div class=\"fusion-column-wrapper fusion-flex-column-wrapper-legacy\"><div class=\"fusion-text fusion-text-1\"><p>Gutrei Galicia nasceu na Galiza, especificamente no munic\u00edpio de Monforte de Lemos (Lugo) em 2007. A empresa foi fundada pelos irm\u00e3os Jos\u00e9 Manuel e Miguel \u00c1ngel Guti\u00e9rrez. Desde a inf\u00e2ncia, moram com os av\u00f3s e os pais, que transmitem sua paix\u00e3o pelo cuidado e alimenta\u00e7\u00e3o tradicionais do gado. Mais tarde, essa paix\u00e3o fez com que adquirissem experi\u00eancia e treinamento trabalhando em matadouros e salas de corte. Depois de v\u00e1rios anos, eles decidiram ir para o seu pr\u00f3prio neg\u00f3cio, no qual comercializar carne de bovino da mais alta qualidade e que atualmente exportam para restaurantes e a\u00e7ougues em todo o mundo.<\/p>\n<p>A empresa realiza um processo exaustivo de sele\u00e7\u00e3o de gado do norte da Espanha, \u00e9 a \u00fanica empresa espanhola premiada com 1 medalha de ouro em 2018 e 2 medalhas de ouro e 2 de prata pela melhor carne do mundo, no prestigiado concurso World Steak Challenge com sua marca Roxad&#8217;Ouro. Uma das melhores carnes do mundo, seu sabor, qualidade e maciez s\u00e3o qualidades inconfund\u00edveis obtidas por um ambiente geogr\u00e1fico e agro-clim\u00e1tico t\u00edpico da regi\u00e3o, al\u00e9m do respeito \u00e0 tradi\u00e7\u00e3o na alimenta\u00e7\u00e3o de bovinos com capim, milho e excelente processo de matura\u00e7\u00e3o que resultou em um excelente produto de qualidade.<\/p>\n<p>\u00c9 uma das poucas empresas que tem carne de boi para comercializa\u00e7\u00e3o. Apesar de essa carne ser uma das mais preciosas, sua cria\u00e7\u00e3o \u00e9 muito cara, portanto, seu pre\u00e7o final no mercado \u00e9 muito alto.<\/p>\n<\/div><div class=\"fusion-text fusion-text-2\"><p>Atualmente, a Gutrei Galicia tem duas marcas: Gutrei e Roxad\u00b4Ouro. Marcas que buscam constantemente excel\u00eancia, sabor tradicional e alta qualidade com pot\u00eancia m\u00e1xima. Produtos de uma grande variedade, diferenciados pelo alto grau de filtragem de gordura e pelo amadurecimento cuidadoso realizado em nossas pr\u00f3prias instala\u00e7\u00f5es.<\/p>\n<\/div><div class=\"fusion-clearfix\"><\/div><\/div><\/div><div class=\"fusion-layout-column fusion_builder_column fusion-builder-column-2 fusion_builder_column_1_3 1_3 fusion-one-third fusion-column-last\" style=\"--awb-bg-size:cover;--awb-margin-bottom:0px;width:30.6666%;\"><div class=\"fusion-column-wrapper fusion-flex-column-wrapper-legacy\"><div class=\"fusion-image-element fusion-image-align-center in-legacy-container\" style=\"text-align:center;--awb-caption-title-font-family:var(--h2_typography-font-family);--awb-caption-title-font-weight:var(--h2_typography-font-weight);--awb-caption-title-font-style:var(--h2_typography-font-style);--awb-caption-title-size:var(--h2_typography-font-size);--awb-caption-title-transform:var(--h2_typography-text-transform);--awb-caption-title-line-height:var(--h2_typography-line-height);--awb-caption-title-letter-spacing:var(--h2_typography-letter-spacing);\"><div class=\"imageframe-align-center\"><span class=\" fusion-imageframe imageframe-none imageframe-1 hover-type-none\"><img decoding=\"async\" width=\"597\" height=\"660\" title=\"gutrei-familia\" src=\"https:\/\/gutreigalicia.com\/wp-content\/uploads\/2020\/01\/gutrei-familia.jpeg\" alt class=\"img-responsive wp-image-3918\" srcset=\"https:\/\/gutreigalicia.com\/wp-content\/uploads\/2020\/01\/gutrei-familia-200x221.jpeg 200w, https:\/\/gutreigalicia.com\/wp-content\/uploads\/2020\/01\/gutrei-familia-400x442.jpeg 400w, https:\/\/gutreigalicia.com\/wp-content\/uploads\/2020\/01\/gutrei-familia.jpeg 597w\" sizes=\"(max-width: 800px) 100vw, 597px\" \/><\/span><\/div><\/div><div class=\"fusion-sep-clear\"><\/div><div class=\"fusion-separator fusion-full-width-sep\" style=\"margin-left: auto;margin-right: auto;margin-top:25px;width:100%;\"><\/div><div class=\"fusion-sep-clear\"><\/div><div class=\"fusion-clearfix\"><\/div><\/div><\/div><\/div><\/div><div class=\"fusion-fullwidth fullwidth-box fusion-builder-row-3 nonhundred-percent-fullwidth non-hundred-percent-height-scrolling\" style=\"--awb-border-radius-top-left:0px;--awb-border-radius-top-right:0px;--awb-border-radius-bottom-right:0px;--awb-border-radius-bottom-left:0px;--awb-flex-wrap:wrap;\" ><div class=\"fusion-builder-row fusion-row\"><div class=\"fusion-layout-column fusion_builder_column fusion-builder-column-3 fusion_builder_column_2_3 2_3 fusion-two-third fusion-column-first\" style=\"--awb-bg-size:cover;width:66.666666666667%;width:calc(66.666666666667% - ( ( 4% ) * 0.66666666666667 ) );margin-right: 4%;\"><div class=\"fusion-column-wrapper fusion-column-has-shadow fusion-flex-column-wrapper-legacy\"><div class=\"fusion-video fusion-selfhosted-video\" style=\"max-width:100%;\"><div class=\"video-wrapper\"><video playsinline=\"true\" width=\"100%\" style=\"object-fit: cover;\" autoplay=\"true\" muted=\"true\" loop=\"true\" preload=\"auto\" controls=\"1\"><source src=\"https:\/\/gutreigalicia.com\/wp-content\/uploads\/2020\/01\/gutrei-spot.mov\" type=\"video\/mp4\">Sorry, your browser doesn&#039;t support embedded videos.<\/video><\/div><\/div><div class=\"fusion-clearfix\"><\/div><\/div><\/div><\/div><\/div><\/p>\n","protected":false},"excerpt":{"rendered":"","protected":false},"author":3,"featured_media":0,"parent":0,"menu_order":0,"comment_status":"open","ping_status":"closed","template":"100-width.php","meta":{"footnotes":""},"class_list":["post-21903","page","type-page","status-publish","hentry"],"_links":{"self":[{"href":"https:\/\/gutreigalicia.com\/pt-pt\/wp-json\/wp\/v2\/pages\/21903","targetHints":{"allow":["GET"]}}],"collection":[{"href":"https:\/\/gutreigalicia.com\/pt-pt\/wp-json\/wp\/v2\/pages"}],"about":[{"href":"https:\/\/gutreigalicia.com\/pt-pt\/wp-json\/wp\/v2\/types\/page"}],"author":[{"embeddable":true,"href":"https:\/\/gutreigalicia.com\/pt-pt\/wp-json\/wp\/v2\/users\/3"}],"replies":[{"embeddable":true,"href":"https:\/\/gutreigalicia.com\/pt-pt\/wp-json\/wp\/v2\/comments?post=21903"}],"version-history":[{"count":0,"href":"https:\/\/gutreigalicia.com\/pt-pt\/wp-json\/wp\/v2\/pages\/21903\/revisions"}],"wp:attachment":[{"href":"https:\/\/gutreigalicia.com\/pt-pt\/wp-json\/wp\/v2\/media?parent=21903"}],"curies":[{"name":"wp","href":"https:\/\/api.w.org\/{rel}","templated":true}]}}