{"id":21907,"date":"2020-08-03T14:37:54","date_gmt":"2020-08-03T14:37:54","guid":{"rendered":"https:\/\/gutreigalicia.com\/dry-aged-maturacao\/"},"modified":"2020-10-15T12:00:28","modified_gmt":"2020-10-15T12:00:28","slug":"dry-aged-maturacao","status":"publish","type":"page","link":"https:\/\/gutreigalicia.com\/pt-pt\/dry-aged-maturacao\/","title":{"rendered":"Dry aged, matura\u00e7\u00e3o"},"content":{"rendered":"<p><div class=\"fusion-fullwidth fullwidth-box fusion-builder-row-1 fusion-parallax-none nonhundred-percent-fullwidth non-hundred-percent-height-scrolling\" style=\"--awb-border-radius-top-left:0px;--awb-border-radius-top-right:0px;--awb-border-radius-bottom-right:0px;--awb-border-radius-bottom-left:0px;--awb-padding-top:400px;--awb-padding-bottom:400px;--awb-background-image:url(&quot;https:\/\/gutreigalicia.com\/wp-content\/uploads\/2020\/10\/carne-dry-aged-vaca-buey.jpeg&quot;);--awb-background-size:cover;--awb-flex-wrap:wrap;\" ><div class=\"fusion-builder-row fusion-row\"><div class=\"fusion-layout-column fusion_builder_column fusion-builder-column-0 fusion_builder_column_1_1 1_1 fusion-one-full fusion-column-first fusion-column-last\" style=\"--awb-bg-size:cover;--awb-margin-bottom:0px;\"><div class=\"fusion-column-wrapper fusion-flex-column-wrapper-legacy\"><div class=\"fusion-clearfix\"><\/div><\/div><\/div><\/div><\/div><div class=\"fusion-fullwidth fullwidth-box fusion-builder-row-2 nonhundred-percent-fullwidth non-hundred-percent-height-scrolling\" style=\"--awb-border-radius-top-left:0px;--awb-border-radius-top-right:0px;--awb-border-radius-bottom-right:0px;--awb-border-radius-bottom-left:0px;--awb-padding-top:4%;--awb-padding-bottom:8%;--awb-flex-wrap:wrap;\" ><div class=\"fusion-builder-row fusion-row\"><div class=\"fusion-layout-column fusion_builder_column fusion-builder-column-1 fusion_builder_column_1_1 1_1 fusion-one-full fusion-column-first fusion-column-last\" style=\"--awb-bg-size:cover;--awb-margin-bottom:0px;\"><div class=\"fusion-column-wrapper fusion-flex-column-wrapper-legacy\"><div class=\"fusion-text fusion-text-1\"><h1>Dry aged, matura\u00e7\u00e3o (adged) seca (dry) de carne bovina (beef).<\/h1>\n<\/div><div class=\"fusion-clearfix\"><\/div><\/div><\/div><div class=\"fusion-layout-column fusion_builder_column fusion-builder-column-2 fusion_builder_column_1_2 1_2 fusion-one-half fusion-column-first\" style=\"--awb-bg-size:cover;--awb-margin-bottom:0px;width:48%; margin-right: 4%;\"><div class=\"fusion-column-wrapper fusion-flex-column-wrapper-legacy\"><div class=\"fusion-image-element in-legacy-container\" style=\"--awb-caption-title-font-family:var(--h2_typography-font-family);--awb-caption-title-font-weight:var(--h2_typography-font-weight);--awb-caption-title-font-style:var(--h2_typography-font-style);--awb-caption-title-size:var(--h2_typography-font-size);--awb-caption-title-transform:var(--h2_typography-text-transform);--awb-caption-title-line-height:var(--h2_typography-line-height);--awb-caption-title-letter-spacing:var(--h2_typography-letter-spacing);\"><span class=\" fusion-imageframe imageframe-none imageframe-1 hover-type-none\"><img decoding=\"async\" width=\"900\" height=\"600\" title=\"gutrei-empresa\" src=\"https:\/\/gutreigalicia.com\/wp-content\/uploads\/2020\/01\/gutrei-empresa.jpg\" alt class=\"img-responsive wp-image-21909\" srcset=\"https:\/\/gutreigalicia.com\/wp-content\/uploads\/2020\/01\/gutrei-empresa-200x133.jpg 200w, https:\/\/gutreigalicia.com\/wp-content\/uploads\/2020\/01\/gutrei-empresa-400x267.jpg 400w, https:\/\/gutreigalicia.com\/wp-content\/uploads\/2020\/01\/gutrei-empresa-600x400.jpg 600w, https:\/\/gutreigalicia.com\/wp-content\/uploads\/2020\/01\/gutrei-empresa-800x533.jpg 800w, https:\/\/gutreigalicia.com\/wp-content\/uploads\/2020\/01\/gutrei-empresa.jpg 900w\" sizes=\"(max-width: 800px) 100vw, 600px\" \/><\/span><\/div><div class=\"fusion-clearfix\"><\/div><\/div><\/div><div class=\"fusion-layout-column fusion_builder_column fusion-builder-column-3 fusion_builder_column_1_2 1_2 fusion-one-half fusion-column-last\" style=\"--awb-bg-size:cover;--awb-margin-bottom:0px;width:48%;\"><div class=\"fusion-column-wrapper fusion-flex-column-wrapper-legacy\"><div class=\"fusion-text fusion-text-2\"><p>O <strong>\u201cdry aaged\u201d<\/strong> \u00e9 o processo de <strong>amadurecimento a seco<\/strong> em ambientes controlados de temperatura e umidade por um per\u00edodo <strong>m\u00ednimo de 18 a 24 dias<\/strong>, para melhorar a carne de duas maneiras. Primeiro, pela evapora\u00e7\u00e3o da umidade do m\u00fasculo que causa uma alta concentra\u00e7\u00e3o de sabor e sabor da carne. Segundo, devido \u00e0 a\u00e7\u00e3o de enzimas end\u00f3genas &#8211; naturalmente presentes na carne \u2013 que desintegram os tecidos conjuntivos do m\u00fasculo e produzem um amolecimento na carne que a torna mais macia.<\/p>\n<p>Para esse tipo de matura\u00e7\u00e3o, s\u00e3o selecionados apenas peda\u00e7os de alta qualidade e concentra\u00e7\u00e3o de gordura. Por isso, ese tipo de carne \u00e9 encontrado apenas em restaurantes e a\u00e7ougues especializados ou em lojas gourmet.<\/p>\n<p>Esse processo \u00e9 realizado com cuidado em nossas instala\u00e7\u00f5es, considerando que cada pe\u00e7a \u00e9 \u00fanica e leva at\u00e9 a maturidade necess\u00e1ria para oferecer um <strong>produto de qualidade incompar\u00e1vel.<\/strong><\/p>\n<\/div><div class=\"fusion-clearfix\"><\/div><\/div><\/div><\/div><\/div><\/p>\n","protected":false},"excerpt":{"rendered":"","protected":false},"author":3,"featured_media":0,"parent":0,"menu_order":0,"comment_status":"open","ping_status":"closed","template":"100-width.php","meta":{"footnotes":""},"class_list":["post-21907","page","type-page","status-publish","hentry"],"_links":{"self":[{"href":"https:\/\/gutreigalicia.com\/pt-pt\/wp-json\/wp\/v2\/pages\/21907","targetHints":{"allow":["GET"]}}],"collection":[{"href":"https:\/\/gutreigalicia.com\/pt-pt\/wp-json\/wp\/v2\/pages"}],"about":[{"href":"https:\/\/gutreigalicia.com\/pt-pt\/wp-json\/wp\/v2\/types\/page"}],"author":[{"embeddable":true,"href":"https:\/\/gutreigalicia.com\/pt-pt\/wp-json\/wp\/v2\/users\/3"}],"replies":[{"embeddable":true,"href":"https:\/\/gutreigalicia.com\/pt-pt\/wp-json\/wp\/v2\/comments?post=21907"}],"version-history":[{"count":0,"href":"https:\/\/gutreigalicia.com\/pt-pt\/wp-json\/wp\/v2\/pages\/21907\/revisions"}],"wp:attachment":[{"href":"https:\/\/gutreigalicia.com\/pt-pt\/wp-json\/wp\/v2\/media?parent=21907"}],"curies":[{"name":"wp","href":"https:\/\/api.w.org\/{rel}","templated":true}]}}