{"id":22275,"date":"2020-08-18T09:28:10","date_gmt":"2020-08-18T09:28:10","guid":{"rendered":"https:\/\/gutreigalicia.com\/politica-de-cookies\/"},"modified":"2020-08-18T09:28:10","modified_gmt":"2020-08-18T09:28:10","slug":"politica-de-cookies","status":"publish","type":"page","link":"https:\/\/gutreigalicia.com\/pt-pt\/politica-de-cookies\/","title":{"rendered":"Pol\u00edtica de cookies"},"content":{"rendered":"<div class=\"fusion-fullwidth fullwidth-box fusion-builder-row-1 nonhundred-percent-fullwidth non-hundred-percent-height-scrolling\" style=\"--awb-border-radius-top-left:0px;--awb-border-radius-top-right:0px;--awb-border-radius-bottom-right:0px;--awb-border-radius-bottom-left:0px;--awb-flex-wrap:wrap;\" ><div class=\"fusion-builder-row fusion-row\"><div class=\"fusion-layout-column fusion_builder_column fusion-builder-column-0 fusion_builder_column_1_1 1_1 fusion-one-full fusion-column-first fusion-column-last\" style=\"--awb-bg-size:cover;--awb-margin-bottom:0px;\"><div class=\"fusion-column-wrapper fusion-flex-column-wrapper-legacy\"><div class=\"fusion-text fusion-text-1\"><h1>Pol\u00edtica de cookies<\/h1>\n<p>Um cookie \u00e9 um pequeno arquivo de texto que \u00e9 armazenado em seu navegador quando voc\u00ea visita quase todas as p\u00e1ginas da web. Sua utilidade \u00e9 que a web \u00e9 capaz de lembrar sua visita quando voc\u00ea retorna para navegar naquela p\u00e1gina. Os cookies geralmente armazenam informa\u00e7\u00f5es de natureza t\u00e9cnica, prefer\u00eancias pessoais, personaliza\u00e7\u00e3o de conte\u00fado, estat\u00edsticas de uso, links para redes sociais, acesso a contas de usu\u00e1rios, etc. O objetivo do cookie \u00e9 adaptar o conte\u00fado da web ao seu perfil e necessidades, sem cookies os servi\u00e7os oferecidos por qualquer p\u00e1gina seriam significativamente reduzidos. Se deseja consultar mais informa\u00e7\u00f5es sobre o que s\u00e3o cookies, o que armazenam, como elimin\u00e1-los, desativ\u00e1-los, etc., <a href=\"\/?page_id=2247\">acesse este link<\/a>.<\/p>\n<h2><strong>Cookies usados \u200b\u200bneste site.<\/strong><\/h2>\n<p>Seguindo as orienta\u00e7\u00f5es da Ag\u00eancia Espanhola de Prote\u00e7\u00e3o de Dados, procedemos ao detalhamento do uso dos cookies efetuados por este site, a fim de inform\u00e1-lo com a maior exatid\u00e3o poss\u00edvel.<\/p>\n<p>Este site usa os seguintes cookies pr\u00f3prios:<\/p>\n<ul>\n<li>Cookies de sess\u00e3o, para garantir que os usu\u00e1rios que escrevem coment\u00e1rios no blog sejam humanos e n\u00e3o aplicativos automatizados. Desta forma, o spam \u00e9 combatido.<\/li>\n<\/ul>\n<p>Este site usa os seguintes cookies de terceiros:<\/p>\n<ul>\n<li>Google Analytics: Armazena cookies para poder compilar estat\u00edsticas sobre o tr\u00e1fego e o volume de visitas a este site. Ao usar este site, voc\u00ea concorda com o processamento de informa\u00e7\u00f5es sobre voc\u00ea pelo Google. Portanto, o exerc\u00edcio de qualquer direito a esse respeito deve ser feito por meio de comunica\u00e7\u00e3o direta com o Google.<\/li>\n<li>Redes sociais: Cada rede social usa seus pr\u00f3prios cookies para que voc\u00ea possa clicar em bot\u00f5es como Curtir ou Compartilhar.<\/li>\n<\/ul>\n<h2><strong>Desativa\u00e7\u00e3o ou elimina\u00e7\u00e3o de cookies<\/strong><\/h2>\n<p>A qualquer momento, voc\u00ea pode exercer o seu direito de desativar ou eliminar os cookies deste site. Essas a\u00e7\u00f5es s\u00e3o executadas de maneira diferente dependendo do navegador que voc\u00ea est\u00e1 usando. <a href=\"\/?page_id=2247#navegadores\">Aqui est\u00e1 um guia r\u00e1pido para os navegadores mais populares<\/a>.<\/p>\n<h3>Notas Adicionais<\/h3>\n<ul>\n<li>Nem este site, nem seus representantes legais s\u00e3o respons\u00e1veis \u200b\u200bpelo conte\u00fado ou pela veracidade das pol\u00edticas de privacidade que os terceiros mencionados nesta pol\u00edtica de cookies possam ter.<\/li>\n<li>Os navegadores da Web s\u00e3o as ferramentas encarregadas de armazenar cookies e a partir deste local voc\u00ea deve exercer o seu direito de elimin\u00e1-los ou desativ\u00e1-los. Nem este site nem seus representantes legais podem garantir o manuseio correto ou incorreto dos cookies pelos navegadores citados.<\/li>\n<li>Em alguns casos \u00e9 necess\u00e1rio instalar cookies para que o navegador n\u00e3o se esque\u00e7a da sua decis\u00e3o de n\u00e3o os aceitar. No caso dos cookies do Google Analytics, esta empresa armazena cookies em servidores localizados nos Estados Unidos e se compromete a n\u00e3o compartilh\u00e1-los com terceiros, exceto nos casos em que seja necess\u00e1rio para o funcionamento do sistema ou quando a lei o exigir tal efeito. De acordo com o Google, ele n\u00e3o salva seu endere\u00e7o IP. Google Inc. \u00e9 uma empresa aderida ao Acordo de Porto Seguro que garante que todos os dados transferidos ser\u00e3o tratados com um n\u00edvel de prote\u00e7\u00e3o de acordo com os regulamentos europeus. Voc\u00ea pode consultar informa\u00e7\u00f5es detalhadas a esse respeito neste link. Se desejar informa\u00e7\u00f5es sobre o uso que o Google d\u00e1 aos cookies, anexamos este outro link.<\/li>\n<li>Para qualquer pergunta ou consulta sobre esta pol\u00edtica de cookies, n\u00e3o hesite em nos contatar atrav\u00e9s da se\u00e7\u00e3o de contato.<\/li>\n<\/ul>\n<p>Cookie Advisor \u00e9 um <a href=\"http:\/\/wordpress.org\/plugins\/asesor-cookies-para-la-ley-en-espana\/\">plugin para WordPress<\/a>.<\/p>\n<\/div><div class=\"fusion-clearfix\"><\/div><\/div><\/div><\/div><\/div>\n","protected":false},"excerpt":{"rendered":"","protected":false},"author":53,"featured_media":0,"parent":0,"menu_order":0,"comment_status":"closed","ping_status":"closed","template":"","meta":{"footnotes":""},"class_list":["post-22275","page","type-page","status-publish","hentry"],"_links":{"self":[{"href":"https:\/\/gutreigalicia.com\/pt-pt\/wp-json\/wp\/v2\/pages\/22275","targetHints":{"allow":["GET"]}}],"collection":[{"href":"https:\/\/gutreigalicia.com\/pt-pt\/wp-json\/wp\/v2\/pages"}],"about":[{"href":"https:\/\/gutreigalicia.com\/pt-pt\/wp-json\/wp\/v2\/types\/page"}],"author":[{"embeddable":true,"href":"https:\/\/gutreigalicia.com\/pt-pt\/wp-json\/wp\/v2\/users\/53"}],"replies":[{"embeddable":true,"href":"https:\/\/gutreigalicia.com\/pt-pt\/wp-json\/wp\/v2\/comments?post=22275"}],"version-history":[{"count":0,"href":"https:\/\/gutreigalicia.com\/pt-pt\/wp-json\/wp\/v2\/pages\/22275\/revisions"}],"wp:attachment":[{"href":"https:\/\/gutreigalicia.com\/pt-pt\/wp-json\/wp\/v2\/media?parent=22275"}],"curies":[{"name":"wp","href":"https:\/\/api.w.org\/{rel}","templated":true}]}}