{"id":22278,"date":"2020-08-18T09:29:59","date_gmt":"2020-08-18T09:29:59","guid":{"rendered":"https:\/\/gutreigalicia.com\/condicoes-gerais-de-venda\/"},"modified":"2020-08-18T09:30:00","modified_gmt":"2020-08-18T09:30:00","slug":"condicoes-gerais-de-venda","status":"publish","type":"page","link":"https:\/\/gutreigalicia.com\/pt-pt\/condicoes-gerais-de-venda\/","title":{"rendered":"Condi\u00e7\u00f5es gerais de venda"},"content":{"rendered":"<div class=\"fusion-fullwidth fullwidth-box fusion-builder-row-1 nonhundred-percent-fullwidth non-hundred-percent-height-scrolling\" style=\"--awb-border-radius-top-left:0px;--awb-border-radius-top-right:0px;--awb-border-radius-bottom-right:0px;--awb-border-radius-bottom-left:0px;--awb-flex-wrap:wrap;\" ><div class=\"fusion-builder-row fusion-row\"><div class=\"fusion-layout-column fusion_builder_column fusion-builder-column-0 fusion_builder_column_1_1 1_1 fusion-one-full fusion-column-first fusion-column-last\" style=\"--awb-bg-size:cover;\"><div class=\"fusion-column-wrapper fusion-column-has-shadow fusion-flex-column-wrapper-legacy\"><div class=\"fusion-text fusion-text-1\"><p><strong>Condi\u00e7\u00f5es gerais de compra online:<\/strong><\/p>\n<p>1.- Tabela de pre\u00e7os: Os pre\u00e7os estipulados est\u00e3o com IVA inclu\u00eddo. Por se tratar de produtos que n\u00e3o possuem peso exato ou pre\u00e7os constantes, podem ocorrer pequenas modifica\u00e7\u00f5es.<\/p>\n<p>2.- Forma de pagamento:<\/p>\n<p>\u2043 POS VIRTUAL pode ser feito com cart\u00e3o de cr\u00e9dito. O cliente efetua o dep\u00f3sito de forma r\u00e1pida e segura.<\/p>\n<p>\u2043 PAYPAL Um servi\u00e7o que permite pagar com seguran\u00e7a e aceitar pagamentos sem ter que inserir continuamente seus dados financeiros.<\/p>\n<p>3.- Formas de envio e prazos de entrega: Pode efectuar a sua encomenda at\u00e9 quinta-feira ao meio-dia. A ag\u00eancia de transporte \u00e9 a SEUR. Os prazos de entrega s\u00e3o normalmente 24\/48 horas na pen\u00ednsula e 72 horas nas Ilhas Baleares.<\/p>\n<p>4.- Despesas de envio: \u20ac 13,95 para encomendas inferiores a 99 \u20ac na pen\u00ednsula. Portes de envio gr\u00e1tis para encomendas superiores a 99 \u20ac na Pen\u00ednsula Ib\u00e9rica, 39,95 \u20ac para encomendas inferiores a 150 \u20ac e portes de envio gratuitos para encomendas superiores a 150 \u20ac nas Ilhas Baleares.<\/p>\n<p>5.-Pedidos:<\/p>\n<p>As encomendas ap\u00f3s as 12: 00h em dias \u00fateis e as encomendas em feriados ser\u00e3o processadas no dia \u00fatil seguinte.<\/p>\n<p>6.- Aceita\u00e7\u00e3o da encomenda: Pode contactar-nos pelos telefones (+34) 982 87 42 66 ou (+34) 630 35 62 26. Gutrei Galicia, S. L. Reserva-se o direito de n\u00e3o aceitar.<\/p>\n<p>7.- Validade, conserva\u00e7\u00e3o e garantia. Gutrei Galicia S. L. Distribui produtos perec\u00edveis, curados e curados, pelo que s\u00f3 admitir\u00e1 reclama\u00e7\u00f5es nas 24 horas seguintes \u00e0 entrega da encomenda. Para reclama\u00e7\u00f5es, contate o telefone (+34) 982 87 42 66 ou e-mail info@gutreigalicia.com<\/p>\n<p>8.- Devolu\u00e7\u00f5es: As devolu\u00e7\u00f5es devem ser enviadas juntamente com a guia de remessa. E a devolu\u00e7\u00e3o do valor ser\u00e1 feita mediante pagamento.<\/p>\n<p>A guia de remessa \u00e9 a prova do status da mercadoria. O destinat\u00e1rio \u00e9 obrigado a contar na entrega qualquer incidente que a remessa apresentar e se a remessa estiver completa. Portanto, n\u00e3o s\u00e3o permitidas reclama\u00e7\u00f5es se n\u00e3o estiver declarado nas notas de entrega e se voc\u00ea fizer a reclama\u00e7\u00e3o ap\u00f3s 24 horas ap\u00f3s a entrega da mesma. Recomendamos que n\u00e3o assine a guia de remessa antes de receber a mercadoria e, caso o entregador diga o contr\u00e1rio, recomendamos que n\u00e3o receba ou registre este fato na guia de remessa.<\/p>\n<p>\u00c9 importante observar qualquer anomalia no produto na guia de remessa no momento da entrega. Para devolu\u00e7\u00f5es, entre em contato pelo telefone (+34) 982 87 42 66 ou pelo e-mail info@gutreigalicia.com<\/p>\n<p>9.- Hor\u00e1rio de funcionamento: O hor\u00e1rio do nosso atendimento telef\u00f4nico ser\u00e1 de segunda a sexta, das 9h00 \u00e0s 15h00. Voc\u00ea pode nos contatar ligando para (+34) 982 87 42 66 ou (+34) 630 35 62 26 no hor\u00e1rio indicado, ou por e-mail para <a href=\"mailto:info@gutreigalicia.com\">info@gutreigalicia.com<\/a><\/p>\n<p>10.- Jurisdi\u00e7\u00e3o: Em caso de conflito entre a empresa e o cliente, este documento prevalecer\u00e1 e ambas as partes contratantes se submeter\u00e3o expressamente ao foro da jurisdi\u00e7\u00e3o de Monforte de Lemos (Lugo).<\/p>\n<\/div><div class=\"fusion-clearfix\"><\/div><\/div><\/div><\/div><\/div>\n","protected":false},"excerpt":{"rendered":"","protected":false},"author":2,"featured_media":0,"parent":0,"menu_order":0,"comment_status":"closed","ping_status":"closed","template":"","meta":{"footnotes":""},"class_list":["post-22278","page","type-page","status-publish","hentry"],"_links":{"self":[{"href":"https:\/\/gutreigalicia.com\/pt-pt\/wp-json\/wp\/v2\/pages\/22278","targetHints":{"allow":["GET"]}}],"collection":[{"href":"https:\/\/gutreigalicia.com\/pt-pt\/wp-json\/wp\/v2\/pages"}],"about":[{"href":"https:\/\/gutreigalicia.com\/pt-pt\/wp-json\/wp\/v2\/types\/page"}],"author":[{"embeddable":true,"href":"https:\/\/gutreigalicia.com\/pt-pt\/wp-json\/wp\/v2\/users\/2"}],"replies":[{"embeddable":true,"href":"https:\/\/gutreigalicia.com\/pt-pt\/wp-json\/wp\/v2\/comments?post=22278"}],"version-history":[{"count":0,"href":"https:\/\/gutreigalicia.com\/pt-pt\/wp-json\/wp\/v2\/pages\/22278\/revisions"}],"wp:attachment":[{"href":"https:\/\/gutreigalicia.com\/pt-pt\/wp-json\/wp\/v2\/media?parent=22278"}],"curies":[{"name":"wp","href":"https:\/\/api.w.org\/{rel}","templated":true}]}}