{"id":22109,"date":"2020-04-30T14:37:18","date_gmt":"2020-04-30T14:37:18","guid":{"rendered":"https:\/\/gutreigalicia.com\/carne-galicia\/mini-burguer-gutrei-pack-12-unidades-indivisiveis\/"},"modified":"2020-08-13T10:23:00","modified_gmt":"2020-08-13T10:23:00","slug":"mini-burguer-gutrei-pack-12","status":"publish","type":"product","link":"https:\/\/gutreigalicia.com\/pt-pt\/carne-galicia\/mini-burguer-gutrei-pack-12\/","title":{"rendered":"Mini Burguer GUTREI (pacote 12 unidades indivis\u00edveis)"},"content":{"rendered":"<p><strong>ARMAZENAMENTO E VALIDADE:<\/strong><\/p>\n<p>Os burguers s\u00e3o embalados individualmente a v\u00e1cuo. Este produto pode ser mantido em sua \u00a0\u00a0geladeira a uma temperatura entre 2 e 4 graus por 7 dias. Se n\u00e3o o consumiram durante esse per\u00edodo, podem congel\u00e1-lo, o produto congelado pode ter uma validade de 18 meses.<\/p>\n<p class=\"Heading1\" style=\"margin-top: .05pt;\"><strong>INFORMA\u00c7\u00c3O NUTRICIONAL (Calculado para 100g :)<\/strong><\/p>\n<p>Valor Energ\u00e9tico:\u00a0\u00a0\u00a0\u00a0\u00a0\u00a0\u00a0\u00a0\u00a0\u00a0\u00a0\u00a0\u00a0\u00a0\u00a0\u00a0\u00a0\u00a0\u00a0\u00a0\u00a0\u00a0\u00a0\u00a0\u00a0\u00a0\u00a0 276 KCal.<\/p>\n<p>Gorduras:\u00a0\u00a0\u00a0\u00a0\u00a0\u00a0\u00a0\u00a0\u00a0\u00a0\u00a0\u00a0\u00a0\u00a0\u00a0\u00a0\u00a0\u00a0\u00a0\u00a0\u00a0\u00a0\u00a0\u00a0\u00a0\u00a0\u00a0\u00a0\u00a0\u00a0\u00a0\u00a0\u00a0\u00a0\u00a0\u00a0\u00a0\u00a0\u00a0\u00a0\u00a0\u00a0\u00a0\u00a0\u00a0\u00a0\u00a0 1,06gr.<\/p>\n<p>Ac. Gordura saturada:\u00a0\u00a0\u00a0\u00a0\u00a0\u00a0\u00a0\u00a0\u00a0\u00a0\u00a0\u00a0\u00a0\u00a0\u00a0\u00a0\u00a0\u00a0 0,10gr.<\/p>\n<p>Carboidratos:\u00a0\u00a0\u00a0\u00a0\u00a0\u00a0\u00a0\u00a0\u00a0\u00a0\u00a0\u00a0\u00a0\u00a0\u00a0\u00a0\u00a0\u00a0\u00a0\u00a0 36,02gr.<\/p>\n<p>A\u00e7\u00facares:\u00a0\u00a0\u00a0\u00a0\u00a0\u00a0\u00a0\u00a0\u00a0\u00a0\u00a0\u00a0\u00a0\u00a0\u00a0\u00a0\u00a0\u00a0\u00a0\u00a0\u00a0\u00a0\u00a0\u00a0\u00a0\u00a0\u00a0\u00a0\u00a0\u00a0\u00a0\u00a0\u00a0\u00a0\u00a0\u00a0\u00a0\u00a0\u00a0\u00a0\u00a0\u00a0 0,66gr.<\/p>\n<p>Prote\u00ednas:\u00a0\u00a0\u00a0\u00a0\u00a0\u00a0\u00a0\u00a0\u00a0\u00a0\u00a0\u00a0\u00a0\u00a0\u00a0\u00a0\u00a0\u00a0\u00a0\u00a0\u00a0\u00a0\u00a0\u00a0\u00a0\u00a0\u00a0\u00a0\u00a0\u00a0\u00a0\u00a0\u00a0\u00a0\u00a0\u00a0\u00a0\u00a0\u00a0\u00a0\u00a0 7,83gr.<\/p>\n<p>Sal (Na x 2,5):\u00a0\u00a0\u00a0\u00a0\u00a0\u00a0\u00a0\u00a0\u00a0\u00a0\u00a0\u00a0\u00a0\u00a0\u00a0\u00a0\u00a0\u00a0\u00a0\u00a0\u00a0\u00a0\u00a0\u00a0\u00a0\u00a0\u00a0\u00a0\u00a0\u00a0\u00a0\u00a0\u00a0\u00a0\u00a0 0,86gr.<\/p>\n","protected":false},"excerpt":{"rendered":"<p><strong>Burguer 35 gramas<\/strong>. 85% de carne bovina, uma das nossas melhores pe\u00e7as selecionadas para a elabora\u00e7\u00e3o de um BURGUER da mais alta qualidade, <strong>sem conservantes<\/strong>, constitu\u00eddo por uma mistura equilibrada de condimentos, temperos naturais e aditivos necess\u00e1rios \u00e0 sua prepara\u00e7\u00e3o<\/p>\n","protected":false},"featured_media":22105,"template":"","meta":[],"product_brand":[],"product_cat":[121],"product_tag":[],"class_list":{"0":"post-22109","1":"product","2":"type-product","3":"status-publish","4":"has-post-thumbnail","6":"product_cat-vaca-gutrei","8":"first","9":"instock","10":"taxable","11":"shipping-taxable","12":"purchasable","13":"product-type-simple"},"group_of_quantity":0,"min_quantity":0,"max_quantity":"","exclude_order_quantity_value_rules":"no","exclude_category_quantity_rules":"no","combine_variations":"no","_links":{"self":[{"href":"https:\/\/gutreigalicia.com\/pt-pt\/wp-json\/wp\/v2\/product\/22109","targetHints":{"allow":["GET"]}}],"collection":[{"href":"https:\/\/gutreigalicia.com\/pt-pt\/wp-json\/wp\/v2\/product"}],"about":[{"href":"https:\/\/gutreigalicia.com\/pt-pt\/wp-json\/wp\/v2\/types\/product"}],"wp:featuredmedia":[{"embeddable":true,"href":"https:\/\/gutreigalicia.com\/pt-pt\/wp-json\/wp\/v2\/media\/22105"}],"wp:attachment":[{"href":"https:\/\/gutreigalicia.com\/pt-pt\/wp-json\/wp\/v2\/media?parent=22109"}],"wp:term":[{"taxonomy":"product_brand","embeddable":true,"href":"https:\/\/gutreigalicia.com\/pt-pt\/wp-json\/wp\/v2\/product_brand?post=22109"},{"taxonomy":"product_cat","embeddable":true,"href":"https:\/\/gutreigalicia.com\/pt-pt\/wp-json\/wp\/v2\/product_cat?post=22109"},{"taxonomy":"product_tag","embeddable":true,"href":"https:\/\/gutreigalicia.com\/pt-pt\/wp-json\/wp\/v2\/product_tag?post=22109"}],"curies":[{"name":"wp","href":"https:\/\/api.w.org\/{rel}","templated":true}]}}