{"id":22137,"date":"2019-11-18T19:13:02","date_gmt":"2019-11-18T19:13:02","guid":{"rendered":"https:\/\/gutreigalicia.com\/carne-galicia\/entrecote-250grs\/"},"modified":"2025-10-24T14:36:33","modified_gmt":"2025-10-24T13:36:33","slug":"entrecote-250grs","status":"publish","type":"product","link":"https:\/\/gutreigalicia.com\/pt-pt\/carne-galicia\/entrecote-250grs\/","title":{"rendered":"Entrec\u00f4te 250 g"},"content":{"rendered":"<p>O sabor e a textura s\u00e3o dois elementos fundamentais que tornam uma refei\u00e7\u00e3o memor\u00e1vel. E quando se trata de carne bovina, poucos cortes podem competir com o <strong>entrec\u00f4te, um corte famoso pela sua textura suculenta e o seu sabor incompar\u00e1vel<\/strong>. Mas em Gutrei Galicia, levamos o entrec\u00f4te a um n\u00edvel completamente novo. Temos orgulho em apresentar o nosso premiado entrec\u00f4te, reconhecido com a Medalha de Ouro em 2018 e 2019 no prestigioso concurso <em>World Steak Challenge<\/em>.   <\/p>\n<h2>Entrecot Gutrei Galiza: um corte de Campe\u00f5es<\/h2>\n<p>O que faz com que o nosso entrec\u00f4te seja t\u00e3o especial? Come\u00e7a com a qualidade. O nosso entrec\u00f4te \u00e9 cuidadosamente selecionado do melhor da nossa produ\u00e7\u00e3o, garantindo que cada pe\u00e7a que chega \u00e0 sua mesa \u00e9 digna do padr\u00e3o Gutrei Galicia. Este compromisso com a qualidade traduziu-se num reconhecimento internacional em 2018 e 2019, quando o nosso entrec\u00f4te foi galardoado com a37&gt; a <strong>Medalha de Ouro no World <em>Steak Challenge<\/em><\/strong>, um concurso que premia os melhores cortes de carne do mundo.   <\/p>\n<p>Mas n\u00e3o \u00e9 apenas a qualidade que faz com que o nosso entrec\u00f4te se destaque. Este corte tamb\u00e9m \u00e9 incrivelmente vers\u00e1til na cozinha. Quer prefira cozinhar a sua carne com molho, na frigideira, no barbecue ou na grelha, o entrec\u00f4te \u00e9 uma excelente op\u00e7\u00e3o. Cada m\u00e9todo de cozedura real\u00e7a diferentes aspetos do seu sabor e textura, proporcionando-lhe uma experi\u00eancia culin\u00e1ria diversificada e sempre deliciosa.   <\/p>\n<p>O nosso entrec\u00f4 de 250 gramas \u00e9 a por\u00e7\u00e3o perfeita para desfrutar sozinho ou partilhar. O seu tamanho \u00e9 ideal para garantir uma cozedura uniforme, permitindo que a sucul\u00eancia e o sabor da carne brilhem em cada dentada, embora tamb\u00e9m possa comprar online o nosso entrec\u00f4 de 500 gramas. <\/p>\n<h2>Uma experi\u00eancia gastron\u00f3mica \u00fanica<\/h2>\n<p>No final do dia, o que realmente importa \u00e9 a experi\u00eancia. E isso \u00e9 exatamente o que oferecemos em Gutrei Galicia: uma experi\u00eancia culin\u00e1ria inesquec\u00edvel. Cada pe\u00e7a do nosso entrec\u00f4te \u00e9 uma promessa de um sabor e uma textura excecionais, um convite para desfrutar de um dos melhores cortes de carne que existem.  <\/p>\n<p>Ao escolher o nosso entrec\u00f4te, n\u00e3o est\u00e1 apenas a escolher um corte de carne premiado; est\u00e1 a escolher a garantia da Gutrei Galicia, uma empresa comprometida com a excel\u00eancia em todos os aspetos da produ\u00e7\u00e3o de carne. Escolha a experi\u00eancia, escolha a qualidade, escolha o sabor. Escolha o entrec\u00f4te Gutrei Galicia e descubra porque \u00e9 que este corte \u00e9 verdadeiramente digno da sua Medalha de Ouro.  <\/p>\n<h3 style=\"text-align: center;\">Lembre-se que se desejar um entrec\u00f4te mais grosso, pode comprar tamb\u00e9m o <a href=\"https:\/\/gutreigalicia.com\/pt-pt\/carne-galicia\/entrecote-500grs\/\">entrecot de 500 gramas<\/a>!<\/h3>\n<p>&nbsp;<\/p>\n","protected":false},"excerpt":{"rendered":"<p>O entrec\u00f4te \u00e9 um dos nossos cortes de carne premiados com medalha de ouro em 2018 e 2019 no prestigioso concurso <em>World Steak Challenge<\/em>. A pe\u00e7a de 250 gramas \u00e9 ideal tanto para cozinhar em molho como na frigideira ou na churrasqueira (ou grelha), j\u00e1 que o seu delicioso sabor e textura nos convidam a desfrutar deste famoso corte de carne.<\/p>\n","protected":false},"featured_media":22138,"template":"","meta":[],"product_brand":[],"product_cat":[121,122],"product_tag":[226],"class_list":{"0":"post-22137","1":"product","2":"type-product","3":"status-publish","4":"has-post-thumbnail","6":"product_cat-vaca-gutrei","7":"product_cat-vaca-roxaddouro","8":"product_tag-entrecote","10":"first","11":"instock","12":"taxable","13":"shipping-taxable","14":"purchasable","15":"product-type-variable"},"group_of_quantity":0,"min_quantity":0,"max_quantity":"","exclude_order_quantity_value_rules":"no","exclude_category_quantity_rules":"no","combine_variations":"no","_links":{"self":[{"href":"https:\/\/gutreigalicia.com\/pt-pt\/wp-json\/wp\/v2\/product\/22137","targetHints":{"allow":["GET"]}}],"collection":[{"href":"https:\/\/gutreigalicia.com\/pt-pt\/wp-json\/wp\/v2\/product"}],"about":[{"href":"https:\/\/gutreigalicia.com\/pt-pt\/wp-json\/wp\/v2\/types\/product"}],"wp:featuredmedia":[{"embeddable":true,"href":"https:\/\/gutreigalicia.com\/pt-pt\/wp-json\/wp\/v2\/media\/22138"}],"wp:attachment":[{"href":"https:\/\/gutreigalicia.com\/pt-pt\/wp-json\/wp\/v2\/media?parent=22137"}],"wp:term":[{"taxonomy":"product_brand","embeddable":true,"href":"https:\/\/gutreigalicia.com\/pt-pt\/wp-json\/wp\/v2\/product_brand?post=22137"},{"taxonomy":"product_cat","embeddable":true,"href":"https:\/\/gutreigalicia.com\/pt-pt\/wp-json\/wp\/v2\/product_cat?post=22137"},{"taxonomy":"product_tag","embeddable":true,"href":"https:\/\/gutreigalicia.com\/pt-pt\/wp-json\/wp\/v2\/product_tag?post=22137"}],"curies":[{"name":"wp","href":"https:\/\/api.w.org\/{rel}","templated":true}]}}