{"id":22142,"date":"2020-03-18T10:40:11","date_gmt":"2020-03-18T10:40:11","guid":{"rendered":"https:\/\/gutreigalicia.com\/carne-galicia\/entrecote-500grs\/"},"modified":"2025-10-24T12:40:28","modified_gmt":"2025-10-24T11:40:28","slug":"entrecote-500grs","status":"publish","type":"product","link":"https:\/\/gutreigalicia.com\/pt-pt\/carne-galicia\/entrecote-500grs\/","title":{"rendered":"Entrec\u00f4te 500 g"},"content":{"rendered":"<p>Descubra a excel\u00eancia culin\u00e1ria do nosso premiado entrec\u00f4te, maturado a seco at\u00e9 \u00e0 perfei\u00e7\u00e3o. Em 2018, 2019 e 2021, os nossos cortes de carne excecionais foram premiados com a Medalha de Ouro no prestigiado concurso <em>World Steak Challenge<\/em>, e por um bom motivo.<\/p>\n<p>O nosso Entrecot maturado Dry Aged de 500 gramas \u00e9 a6&gt; a pe\u00e7a perfeita, meticulosamente selecionada para oferecer um sabor e uma textura insuper\u00e1veis. A sua cozedura na chapa ou churrasqueira desperta esses ricos sabores internos, criando uma experi\u00eancia culin\u00e1ria verdadeiramente inesquec\u00edvel.<\/p>\n<p>Mas o que torna o nosso entrec\u00f4te dry aged t\u00e3o especial? \u00c9 a combina\u00e7\u00e3o do sabor intenso e da textura suculenta que nos torna merecedores da Medalha de Ouro. O segredo est\u00e1 no envelhecimento a seco, um processo em que a carne \u00e9 deixada a maturar em condi\u00e7\u00f5es controladas para real\u00e7ar o seu sabor e maciez.<\/p>\n<p>A excepcional marmoriza\u00e7\u00e3o do nosso entrec\u00f4te dry aged \u00e9 outro fator que contribui para a sua fama. Este intrincado padr\u00e3o de gordura melhora a sucul\u00eancia da carne durante o cozimento, permitindo que voc\u00ea aproveite cada mordida suculenta e repleta de sabor.<\/p>\n<p>\u00c9 o prato estrela em qualquer ocasi\u00e3o, seja um jantar \u00edntimo, uma celebra\u00e7\u00e3o especial ou simplesmente para satisfazer o seu desejo por um corte de carne premium. Avent\u00farate a probar m\u00e1s de una raci\u00f3n, ya que una vez que pruebes nuestro entrecot dry aged, te encontrar\u00e1s ansiando m\u00e1s.<\/p>\n<p>Cada dentada leva-o a uma viagem culin\u00e1ria \u00fanica, evocando a arte e a paix\u00e3o que dedicamos \u00e0 sele\u00e7\u00e3o, matura\u00e7\u00e3o e prepara\u00e7\u00e3o do nosso entrec\u00f4te. Por isso, quando procurar o melhor entrec\u00f4te dry aged, n\u00e3o procure mais, n\u00f3s temos o que precisa.<\/p>\n<p>Transforme a sua pr\u00f3xima refei\u00e7\u00e3o numa experi\u00eancia digna de uma medalha de ouro com o nosso entrec\u00f4te dry aged. Deixe-se cativar pelo seu sabor, textura e marmoreio requintados e sinta a diferen\u00e7a que nos rendeu as mais altas honras no mundo da culin\u00e1ria.<\/p>\n<p>Para uma deliciosa aventura culin\u00e1ria que honra a tradi\u00e7\u00e3o da carne de qualidade, escolha o nosso entrec\u00f4te dry aged. Prometemos uma experi\u00eancia que o far\u00e1 voltar sempre. Venha e desfrute do sabor da excel\u00eancia hoje mesmo!<\/p>\n<h3 style=\"text-align: center;\"><\/h3>\n<h2><strong>Qual \u00e9 a diferen\u00e7a entre o entrec\u00f4te Gutrei e o Roxad&#8217;ouro?<\/strong><\/h2>\n<p>Os nossos entrec\u00f4ts Gutrei e Roxad&#8217;ouro s\u00e3o dois cortes de carne de primeira qualidade. O Gutrei representa a nossa dedica\u00e7\u00e3o \u00e0 qualidade excecional, algo que nos valeu m\u00faltiplos reconhecimentos no <em>World Steak Challenge<\/em>.<\/p>\n<p>Mas Roxad&#8217;ouro vai al\u00e9m; \u00e9 o nosso emblema de supremacia. Selecionado entre os melhores dos melhores, este corte representa a excel\u00eancia culin\u00e1ria elevada \u00e0 sua m\u00e1xima express\u00e3o. Roxad&#8217;ouro \u00e9 um monumento \u00e0 excel\u00eancia culin\u00e1ria, levando o prazer de uma boa carne a um n\u00edvel completamente novo.<\/p>\n<p>&nbsp;<\/p>\n<h3 style=\"text-align: center;\">Se preferir um corte de carne menos grosso, lembre-se que tamb\u00e9m pode comprar o nosso <a href=\"https:\/\/gutreigalicia.com\/pt-pt\/carne-galicia\/entrecote-250grs\/\">entrec\u00f4te de vaca maturada de 250 gramas<\/a>.<\/h3>\n","protected":false},"excerpt":{"rendered":"<p>O entrec\u00f4te \u00e9 um dos nossos cortes de carne premiados com medalha de ouro em 2018 e 2019 no prestigioso concurso <em>World Steak Challenge<\/em>. A pe\u00e7a de 500 gramas \u00e9 ideal para cozinhar na chapa e no churrasco. Desfrute do seu sabor, textura e marmoreio requintados, que nos convidam a saborear mais do que uma por\u00e7\u00e3o.<\/p>\n","protected":false},"featured_media":22138,"template":"","meta":[],"product_brand":[],"product_cat":[121,122],"product_tag":[226],"class_list":{"0":"post-22142","1":"product","2":"type-product","3":"status-publish","4":"has-post-thumbnail","6":"product_cat-vaca-gutrei","7":"product_cat-vaca-roxaddouro","8":"product_tag-entrecote","10":"first","11":"instock","12":"taxable","13":"shipping-taxable","14":"purchasable","15":"product-type-variable","16":"has-default-attributes"},"group_of_quantity":0,"min_quantity":0,"max_quantity":"","exclude_order_quantity_value_rules":"no","exclude_category_quantity_rules":"no","combine_variations":"no","_links":{"self":[{"href":"https:\/\/gutreigalicia.com\/pt-pt\/wp-json\/wp\/v2\/product\/22142","targetHints":{"allow":["GET"]}}],"collection":[{"href":"https:\/\/gutreigalicia.com\/pt-pt\/wp-json\/wp\/v2\/product"}],"about":[{"href":"https:\/\/gutreigalicia.com\/pt-pt\/wp-json\/wp\/v2\/types\/product"}],"wp:featuredmedia":[{"embeddable":true,"href":"https:\/\/gutreigalicia.com\/pt-pt\/wp-json\/wp\/v2\/media\/22138"}],"wp:attachment":[{"href":"https:\/\/gutreigalicia.com\/pt-pt\/wp-json\/wp\/v2\/media?parent=22142"}],"wp:term":[{"taxonomy":"product_brand","embeddable":true,"href":"https:\/\/gutreigalicia.com\/pt-pt\/wp-json\/wp\/v2\/product_brand?post=22142"},{"taxonomy":"product_cat","embeddable":true,"href":"https:\/\/gutreigalicia.com\/pt-pt\/wp-json\/wp\/v2\/product_cat?post=22142"},{"taxonomy":"product_tag","embeddable":true,"href":"https:\/\/gutreigalicia.com\/pt-pt\/wp-json\/wp\/v2\/product_tag?post=22142"}],"curies":[{"name":"wp","href":"https:\/\/api.w.org\/{rel}","templated":true}]}}