{"id":22154,"date":"2019-11-18T19:19:53","date_gmt":"2019-11-18T19:19:53","guid":{"rendered":"https:\/\/gutreigalicia.com\/carne-galicia\/lombo-vaca\/"},"modified":"2019-11-18T19:19:53","modified_gmt":"2019-11-18T19:19:53","slug":"lombo-vaca","status":"publish","type":"product","link":"https:\/\/gutreigalicia.com\/pt-pt\/carne-galicia\/lombo-vaca\/","title":{"rendered":"Lombo"},"content":{"rendered":"<p>O lombo \u00e9 considerado um peda\u00e7o de carne selecionado, um de nossos <strong>produtos de 5 estrelas<\/strong> com uma qualidade imbat\u00edvel para qualquer cozido. O corte de carne tamb\u00e9m recebeu uma medalha de ouro no prestigiado <strong>Wold Steak Challenge 2019<\/strong>.<\/p>\n<h3>Qual \u00e9 a diferen\u00e7a entre Gutrei e Roxad&#8217;ouro?<\/h3>\n<p>Nossa sele\u00e7\u00e3o \u00e9 exaustiva, apostando sempre em qualidade requintada, conseguindo que nossa carne seja repetidamente premiada com 3 medalhas de ouro e 2 de prata pela melhor carne do mundo no prestigiado World Steak Challenge Roxad&#8217;ouro \u00e9 a sele\u00e7\u00e3o de sele\u00e7\u00f5es , qualidade elevada \u00e0 pot\u00eancia m\u00e1xima, dentro da melhor qualidade, da mais alta qualidade.<\/p>\n","protected":false},"excerpt":{"rendered":"<p>O lombo \u00e9 considerado um peda\u00e7o de carne selecionado, um de nossos produtos de 5 estrelas com uma qualidade imbat\u00edvel para qualquer cozido. O corte de carne tamb\u00e9m recebeu  [&#8230;]<\/p>\n","protected":false},"featured_media":22155,"template":"","meta":[],"product_brand":[],"product_cat":[121,122],"product_tag":[],"class_list":{"0":"post-22154","1":"product","2":"type-product","3":"status-publish","4":"has-post-thumbnail","6":"product_cat-vaca-gutrei","7":"product_cat-vaca-roxaddouro","9":"first","10":"instock","11":"taxable","12":"shipping-taxable","13":"purchasable","14":"product-type-variable","15":"has-default-attributes"},"group_of_quantity":0,"min_quantity":0,"max_quantity":"","exclude_order_quantity_value_rules":"no","exclude_category_quantity_rules":"no","combine_variations":"no","_links":{"self":[{"href":"https:\/\/gutreigalicia.com\/pt-pt\/wp-json\/wp\/v2\/product\/22154","targetHints":{"allow":["GET"]}}],"collection":[{"href":"https:\/\/gutreigalicia.com\/pt-pt\/wp-json\/wp\/v2\/product"}],"about":[{"href":"https:\/\/gutreigalicia.com\/pt-pt\/wp-json\/wp\/v2\/types\/product"}],"wp:featuredmedia":[{"embeddable":true,"href":"https:\/\/gutreigalicia.com\/pt-pt\/wp-json\/wp\/v2\/media\/22155"}],"wp:attachment":[{"href":"https:\/\/gutreigalicia.com\/pt-pt\/wp-json\/wp\/v2\/media?parent=22154"}],"wp:term":[{"taxonomy":"product_brand","embeddable":true,"href":"https:\/\/gutreigalicia.com\/pt-pt\/wp-json\/wp\/v2\/product_brand?post=22154"},{"taxonomy":"product_cat","embeddable":true,"href":"https:\/\/gutreigalicia.com\/pt-pt\/wp-json\/wp\/v2\/product_cat?post=22154"},{"taxonomy":"product_tag","embeddable":true,"href":"https:\/\/gutreigalicia.com\/pt-pt\/wp-json\/wp\/v2\/product_tag?post=22154"}],"curies":[{"name":"wp","href":"https:\/\/api.w.org\/{rel}","templated":true}]}}