{"id":22158,"date":"2020-01-17T09:04:57","date_gmt":"2020-01-17T09:04:57","guid":{"rendered":"https:\/\/gutreigalicia.com\/carne-galicia\/osso-de-tuetano-pacote-de-6-unidades-indivisiveis\/"},"modified":"2020-01-17T09:04:57","modified_gmt":"2020-01-17T09:04:57","slug":"osso-de-tuetano-pacote-de-6-unidades-indivisiveis","status":"publish","type":"product","link":"https:\/\/gutreigalicia.com\/pt-pt\/carne-galicia\/osso-de-tuetano-pacote-de-6-unidades-indivisiveis\/","title":{"rendered":"Osso de Tuetano  (pacote de 6 unidades indivis\u00edveis)"},"content":{"rendered":"<p>A medula tem um sabor denso e intenso, \u00e9 um alimento com alta concentra\u00e7\u00e3o de vitaminas e minerais que \u00e9 encontrado no interior do osso. Permite v\u00e1rias formas de cozinhar devido ao seu excelente sabor.<\/p>\n","protected":false},"excerpt":{"rendered":"<p>A medula tem um sabor denso e intenso, \u00e9 um alimento com alta concentra\u00e7\u00e3o de vitaminas e minerais que \u00e9 encontrado no interior do osso. Permite v\u00e1rias formas de  [&#8230;]<\/p>\n","protected":false},"featured_media":3816,"template":"","meta":[],"product_brand":[],"product_cat":[121],"product_tag":[],"class_list":{"0":"post-22158","1":"product","2":"type-product","3":"status-publish","4":"has-post-thumbnail","6":"product_cat-vaca-gutrei","8":"first","9":"instock","10":"taxable","11":"shipping-taxable","12":"purchasable","13":"product-type-simple"},"group_of_quantity":0,"min_quantity":0,"max_quantity":"","exclude_order_quantity_value_rules":"no","exclude_category_quantity_rules":"no","combine_variations":"no","_links":{"self":[{"href":"https:\/\/gutreigalicia.com\/pt-pt\/wp-json\/wp\/v2\/product\/22158","targetHints":{"allow":["GET"]}}],"collection":[{"href":"https:\/\/gutreigalicia.com\/pt-pt\/wp-json\/wp\/v2\/product"}],"about":[{"href":"https:\/\/gutreigalicia.com\/pt-pt\/wp-json\/wp\/v2\/types\/product"}],"wp:featuredmedia":[{"embeddable":true,"href":"https:\/\/gutreigalicia.com\/pt-pt\/wp-json\/wp\/v2\/media\/3816"}],"wp:attachment":[{"href":"https:\/\/gutreigalicia.com\/pt-pt\/wp-json\/wp\/v2\/media?parent=22158"}],"wp:term":[{"taxonomy":"product_brand","embeddable":true,"href":"https:\/\/gutreigalicia.com\/pt-pt\/wp-json\/wp\/v2\/product_brand?post=22158"},{"taxonomy":"product_cat","embeddable":true,"href":"https:\/\/gutreigalicia.com\/pt-pt\/wp-json\/wp\/v2\/product_cat?post=22158"},{"taxonomy":"product_tag","embeddable":true,"href":"https:\/\/gutreigalicia.com\/pt-pt\/wp-json\/wp\/v2\/product_tag?post=22158"}],"curies":[{"name":"wp","href":"https:\/\/api.w.org\/{rel}","templated":true}]}}