{"id":22162,"date":"2020-07-07T15:00:44","date_gmt":"2020-07-07T15:00:44","guid":{"rendered":"https:\/\/gutreigalicia.com\/carne-galicia\/chourico-de-vaca-gutrei\/"},"modified":"2020-08-12T13:19:11","modified_gmt":"2020-08-12T13:19:11","slug":"chourico-de-vaca-gutrei","status":"publish","type":"product","link":"https:\/\/gutreigalicia.com\/pt-pt\/carne-galicia\/chourico-de-vaca-gutrei\/","title":{"rendered":"Chouri\u00e7o de Vaca Gutrei (pacote de 5 unidades)"},"content":{"rendered":"<p>Ingredientes: Vaca magra, p\u00e1prica, sal, a\u00e7\u00facar, antioxidantes E-331, E-301, conservantes E-252\u00a0 e E-250, alho, or\u00e9gano e \u00f3leo de girassol.<\/p>\n<p>Armazenar entre 0\u00ba e 7\u00ba C<\/p>\n<p>Proteger da incid\u00eancia da luz solar direta.<\/p>\n<p>Recomenda-se retirar do recipiente 15 minutos antes do consumo, ap\u00f3s o consumo direto ao corte (fatias, tacos, etc.).<\/p>\n<p>Recomenda-se eliminar o inv\u00f3lucro artificial para consumo.<\/p>\n","protected":false},"excerpt":{"rendered":"<p>Salsicha curada, feita a partir de carne magra, adicionada com\u00a0p\u00e1prica, sal, alho e\u00a0or\u00e9gano, recheado em tripa natural, sendo posteriormente submetido a um\u00a0processo de cicatriza\u00e7\u00e3o de\u00a020 dias no m\u00ednimo.<\/p>\n","protected":false},"featured_media":22163,"template":"","meta":[],"product_brand":[],"product_cat":[121],"product_tag":[137],"class_list":{"0":"post-22162","1":"product","2":"type-product","3":"status-publish","4":"has-post-thumbnail","6":"product_cat-vaca-gutrei","7":"product_tag-enchidos-gutrei-galicia","9":"first","10":"outofstock","11":"taxable","12":"shipping-taxable","13":"purchasable","14":"product-type-simple"},"group_of_quantity":0,"min_quantity":0,"max_quantity":"","exclude_order_quantity_value_rules":"no","exclude_category_quantity_rules":"no","combine_variations":"no","_links":{"self":[{"href":"https:\/\/gutreigalicia.com\/pt-pt\/wp-json\/wp\/v2\/product\/22162","targetHints":{"allow":["GET"]}}],"collection":[{"href":"https:\/\/gutreigalicia.com\/pt-pt\/wp-json\/wp\/v2\/product"}],"about":[{"href":"https:\/\/gutreigalicia.com\/pt-pt\/wp-json\/wp\/v2\/types\/product"}],"wp:featuredmedia":[{"embeddable":true,"href":"https:\/\/gutreigalicia.com\/pt-pt\/wp-json\/wp\/v2\/media\/22163"}],"wp:attachment":[{"href":"https:\/\/gutreigalicia.com\/pt-pt\/wp-json\/wp\/v2\/media?parent=22162"}],"wp:term":[{"taxonomy":"product_brand","embeddable":true,"href":"https:\/\/gutreigalicia.com\/pt-pt\/wp-json\/wp\/v2\/product_brand?post=22162"},{"taxonomy":"product_cat","embeddable":true,"href":"https:\/\/gutreigalicia.com\/pt-pt\/wp-json\/wp\/v2\/product_cat?post=22162"},{"taxonomy":"product_tag","embeddable":true,"href":"https:\/\/gutreigalicia.com\/pt-pt\/wp-json\/wp\/v2\/product_tag?post=22162"}],"curies":[{"name":"wp","href":"https:\/\/api.w.org\/{rel}","templated":true}]}}