{"id":22164,"date":"2020-07-07T14:46:06","date_gmt":"2020-07-07T14:46:06","guid":{"rendered":"https:\/\/gutreigalicia.com\/carne-galicia\/tbone\/"},"modified":"2022-12-15T13:20:53","modified_gmt":"2022-12-15T13:20:53","slug":"tbone","status":"publish","type":"product","link":"https:\/\/gutreigalicia.com\/pt-pt\/carne-galicia\/tbone\/","title":{"rendered":"Tbone"},"content":{"rendered":"","protected":false},"excerpt":{"rendered":"<p>\u00c9 um corte que re\u00fane dois peda\u00e7os de carne, o lombo e a regi\u00e3o lombar.<\/p>\n<p>Considerado um dos cortes mais saborosos e macios, conseguir uma<\/p>\n<p>mistura de sabores com a ternura do lombo e a textura do lombo,<\/p>\n<p>proporcionando um contraste de sabores diferentes na boca.<\/p>\n<p><strong>M\u00ednimo 2 pe\u00e7as<\/strong><\/p>\n<p>Peso de cada pe\u00e7a: 750 gramas.<\/p>\n","protected":false},"featured_media":22165,"template":"","meta":[],"product_brand":[],"product_cat":[121],"product_tag":[],"class_list":{"0":"post-22164","1":"product","2":"type-product","3":"status-publish","4":"has-post-thumbnail","6":"product_cat-vaca-gutrei","8":"first","9":"instock","10":"taxable","11":"shipping-taxable","12":"purchasable","13":"product-type-simple"},"group_of_quantity":0,"min_quantity":0,"max_quantity":"","exclude_order_quantity_value_rules":"no","exclude_category_quantity_rules":"no","combine_variations":"no","_links":{"self":[{"href":"https:\/\/gutreigalicia.com\/pt-pt\/wp-json\/wp\/v2\/product\/22164","targetHints":{"allow":["GET"]}}],"collection":[{"href":"https:\/\/gutreigalicia.com\/pt-pt\/wp-json\/wp\/v2\/product"}],"about":[{"href":"https:\/\/gutreigalicia.com\/pt-pt\/wp-json\/wp\/v2\/types\/product"}],"wp:featuredmedia":[{"embeddable":true,"href":"https:\/\/gutreigalicia.com\/pt-pt\/wp-json\/wp\/v2\/media\/22165"}],"wp:attachment":[{"href":"https:\/\/gutreigalicia.com\/pt-pt\/wp-json\/wp\/v2\/media?parent=22164"}],"wp:term":[{"taxonomy":"product_brand","embeddable":true,"href":"https:\/\/gutreigalicia.com\/pt-pt\/wp-json\/wp\/v2\/product_brand?post=22164"},{"taxonomy":"product_cat","embeddable":true,"href":"https:\/\/gutreigalicia.com\/pt-pt\/wp-json\/wp\/v2\/product_cat?post=22164"},{"taxonomy":"product_tag","embeddable":true,"href":"https:\/\/gutreigalicia.com\/pt-pt\/wp-json\/wp\/v2\/product_tag?post=22164"}],"curies":[{"name":"wp","href":"https:\/\/api.w.org\/{rel}","templated":true}]}}