{"id":22169,"date":"2020-01-21T17:43:03","date_gmt":"2020-01-21T17:43:03","guid":{"rendered":"https:\/\/gutreigalicia.com\/carne-galicia\/tira-de-costela\/"},"modified":"2023-03-09T10:11:32","modified_gmt":"2023-03-09T10:11:32","slug":"tira-de-costela","status":"publish","type":"product","link":"https:\/\/gutreigalicia.com\/pt-pt\/carne-galicia\/tira-de-costela\/","title":{"rendered":"Tira de costela"},"content":{"rendered":"<p>No caso de adquirir a pe\u00e7a inteira, ela n\u00e3o \u00e9 distribu\u00edda em embalagem a v\u00e1cuo, mas em um saco de maya especial para preservar os produtos \u00e0 base de carne.<\/p>\n","protected":false},"excerpt":{"rendered":"<p>A tira de costela \u00e9 formada pela costela ao lado do osso, essa\u00a0combina\u00e7\u00e3o d\u00e1 origem a um produto com um sabor delicioso e uma textura\u00a0requintada. Um produto protagonista em assados.<\/p>\n","protected":false},"featured_media":22170,"template":"","meta":[],"product_brand":[],"product_cat":[121],"product_tag":[140],"class_list":{"0":"post-22169","1":"product","2":"type-product","3":"status-publish","4":"has-post-thumbnail","6":"product_cat-vaca-gutrei","7":"product_tag-tira-de-costela","9":"first","10":"instock","11":"taxable","12":"shipping-taxable","13":"purchasable","14":"product-type-variable"},"group_of_quantity":0,"min_quantity":0,"max_quantity":"","exclude_order_quantity_value_rules":"no","exclude_category_quantity_rules":"no","combine_variations":"no","_links":{"self":[{"href":"https:\/\/gutreigalicia.com\/pt-pt\/wp-json\/wp\/v2\/product\/22169","targetHints":{"allow":["GET"]}}],"collection":[{"href":"https:\/\/gutreigalicia.com\/pt-pt\/wp-json\/wp\/v2\/product"}],"about":[{"href":"https:\/\/gutreigalicia.com\/pt-pt\/wp-json\/wp\/v2\/types\/product"}],"wp:featuredmedia":[{"embeddable":true,"href":"https:\/\/gutreigalicia.com\/pt-pt\/wp-json\/wp\/v2\/media\/22170"}],"wp:attachment":[{"href":"https:\/\/gutreigalicia.com\/pt-pt\/wp-json\/wp\/v2\/media?parent=22169"}],"wp:term":[{"taxonomy":"product_brand","embeddable":true,"href":"https:\/\/gutreigalicia.com\/pt-pt\/wp-json\/wp\/v2\/product_brand?post=22169"},{"taxonomy":"product_cat","embeddable":true,"href":"https:\/\/gutreigalicia.com\/pt-pt\/wp-json\/wp\/v2\/product_cat?post=22169"},{"taxonomy":"product_tag","embeddable":true,"href":"https:\/\/gutreigalicia.com\/pt-pt\/wp-json\/wp\/v2\/product_tag?post=22169"}],"curies":[{"name":"wp","href":"https:\/\/api.w.org\/{rel}","templated":true}]}}