{"id":22174,"date":"2019-11-18T18:29:22","date_gmt":"2019-11-18T18:29:22","guid":{"rendered":"https:\/\/gutreigalicia.com\/carne-galicia\/chuleton-boi\/"},"modified":"2023-03-09T10:11:32","modified_gmt":"2023-03-09T10:11:32","slug":"chuleton-boi","status":"publish","type":"product","link":"https:\/\/gutreigalicia.com\/pt-pt\/carne-galicia\/chuleton-boi\/","title":{"rendered":"Chuleton Boi"},"content":{"rendered":"<p>O lombo de boi. Um produto exclusivo e requintado para sua churrasqueira ou churrasco. Qualidade, sabor e maciez garantidos em uma carne da nossa terra e amadurecidos em\u00a0 nossas pr\u00f3prias instala\u00e7\u00f5es.<\/p>\n<p><strong>Qual \u00e9 a diferen\u00e7a entre Gutrei e Roxad&#8217;ouro? <\/strong><\/p>\n<p>Nossa sele\u00e7\u00e3o \u00e9 exaustiva, apostando sempre em qualidade requintada, garantindo que nossa carne receba repetidamente 3 medalhas de ouro e 2 de prata pela melhor carne do mundo no prestigiado concurso World Steak Challenge. Roxad&#8217;ouro \u00e9 a sele\u00e7\u00e3o de sele\u00e7\u00f5es. , qualidade elevada \u00e0 pot\u00eancia m\u00e1xima, dentro da melhor qualidade, da mais alta qualidade.<\/p>\n","protected":false},"excerpt":{"rendered":"<p>O lombo de boi. Um produto exclusivo e requintado para sua churrasqueira ou churrasco. Qualidade, sabor e maciez garantidos em uma carne da nossa terra e amadurecidos em\u00a0 nossas  [&#8230;]<\/p>\n","protected":false},"featured_media":22176,"template":"","meta":[],"product_brand":[],"product_cat":[119],"product_tag":[148],"class_list":{"0":"post-22174","1":"product","2":"type-product","3":"status-publish","4":"has-post-thumbnail","6":"product_cat-boi-roxadouro","7":"product_tag-produtos-de-carne-de-boi","9":"first","10":"instock","11":"taxable","12":"shipping-taxable","13":"purchasable","14":"product-type-variable","15":"has-default-attributes"},"group_of_quantity":0,"min_quantity":0,"max_quantity":"","exclude_order_quantity_value_rules":"no","exclude_category_quantity_rules":"no","combine_variations":"no","_links":{"self":[{"href":"https:\/\/gutreigalicia.com\/pt-pt\/wp-json\/wp\/v2\/product\/22174","targetHints":{"allow":["GET"]}}],"collection":[{"href":"https:\/\/gutreigalicia.com\/pt-pt\/wp-json\/wp\/v2\/product"}],"about":[{"href":"https:\/\/gutreigalicia.com\/pt-pt\/wp-json\/wp\/v2\/types\/product"}],"wp:featuredmedia":[{"embeddable":true,"href":"https:\/\/gutreigalicia.com\/pt-pt\/wp-json\/wp\/v2\/media\/22176"}],"wp:attachment":[{"href":"https:\/\/gutreigalicia.com\/pt-pt\/wp-json\/wp\/v2\/media?parent=22174"}],"wp:term":[{"taxonomy":"product_brand","embeddable":true,"href":"https:\/\/gutreigalicia.com\/pt-pt\/wp-json\/wp\/v2\/product_brand?post=22174"},{"taxonomy":"product_cat","embeddable":true,"href":"https:\/\/gutreigalicia.com\/pt-pt\/wp-json\/wp\/v2\/product_cat?post=22174"},{"taxonomy":"product_tag","embeddable":true,"href":"https:\/\/gutreigalicia.com\/pt-pt\/wp-json\/wp\/v2\/product_tag?post=22174"}],"curies":[{"name":"wp","href":"https:\/\/api.w.org\/{rel}","templated":true}]}}