{"id":22185,"date":"2020-04-27T11:50:37","date_gmt":"2020-04-27T11:50:37","guid":{"rendered":"https:\/\/gutreigalicia.com\/carne-galicia\/pacote-1-vaca-gutrei\/"},"modified":"2024-06-12T16:25:37","modified_gmt":"2024-06-12T16:25:37","slug":"pacote-1-vaca-gutrei","status":"publish","type":"product","link":"https:\/\/gutreigalicia.com\/pt-pt\/carne-galicia\/pacote-1-vaca-gutrei\/","title":{"rendered":"Pacote 1 Vaca Gutrei"},"content":{"rendered":"<p>N\u00e3o sabemos qual das nossas carnes Gutrei tentar? Com nossos pacotes, voc\u00ea pode saborear diferentes tipos de carne e come\u00e7ar a desfrutar da experi\u00eancia Gutrei em grande estilo!<\/p>\n<p>Cada pe\u00e7a \u00e9 <strong>embalada individualmente a v\u00e1cuo (os hamb\u00fargueres s\u00e3o embalados em bandejas de 2 unidades)<\/strong>, para oferecer maior comodidade ao consumo.<\/p>\n<p style=\"text-align: left;\">O que este pacote inclui?<\/p>\n<ul>\n<li>1 Costeleta Vaca Gutrei 350gr. \/ud.<\/li>\n<li>1 Entreca Vaca Gutrei 250gr.\/ud.<\/li>\n<li>2 Burguers Vaca Gutrei 160gr.\/ud.<\/li>\n<\/ul>\n<p>Cada pe\u00e7a \u00e9 <strong>embalada individualmente a v\u00e1cuo<\/strong> para oferecer maior conforto ao consumo.<\/p>\n","protected":false},"excerpt":{"rendered":"<p>Aproveite a experi\u00eancia da <strong>melhor carne do mundo<\/strong> com este pacote magn\u00edfico!<\/p>\n<ul>\n<li>1 Costeleta Vaca Gutrei 350gr. \/ud.<\/li>\n<li>1 Entreca Vaca Gutrei 250gr.\/ud.<\/li>\n<li>2 Burguers Vaca Gutrei 160gr.\/ud.<\/li>\n<\/ul>\n<p>Cada pe\u00e7a \u00e9 <strong>embalada individualmente a v\u00e1cuo (os hamb\u00fargueres s\u00e3o embalados em bandejas de 2 unidades)<\/strong>, para oferecer maior comodidade ao consumo.<\/p>\n","protected":false},"featured_media":40523,"template":"","meta":[],"product_brand":[],"product_cat":[120],"product_tag":[],"class_list":{"0":"post-22185","1":"product","2":"type-product","3":"status-publish","4":"has-post-thumbnail","6":"product_cat-pacotes","8":"first","9":"instock","10":"taxable","11":"shipping-taxable","12":"purchasable","13":"product-type-simple"},"group_of_quantity":0,"min_quantity":0,"max_quantity":"","exclude_order_quantity_value_rules":"no","exclude_category_quantity_rules":"no","combine_variations":"no","_links":{"self":[{"href":"https:\/\/gutreigalicia.com\/pt-pt\/wp-json\/wp\/v2\/product\/22185","targetHints":{"allow":["GET"]}}],"collection":[{"href":"https:\/\/gutreigalicia.com\/pt-pt\/wp-json\/wp\/v2\/product"}],"about":[{"href":"https:\/\/gutreigalicia.com\/pt-pt\/wp-json\/wp\/v2\/types\/product"}],"wp:featuredmedia":[{"embeddable":true,"href":"https:\/\/gutreigalicia.com\/pt-pt\/wp-json\/wp\/v2\/media\/40523"}],"wp:attachment":[{"href":"https:\/\/gutreigalicia.com\/pt-pt\/wp-json\/wp\/v2\/media?parent=22185"}],"wp:term":[{"taxonomy":"product_brand","embeddable":true,"href":"https:\/\/gutreigalicia.com\/pt-pt\/wp-json\/wp\/v2\/product_brand?post=22185"},{"taxonomy":"product_cat","embeddable":true,"href":"https:\/\/gutreigalicia.com\/pt-pt\/wp-json\/wp\/v2\/product_cat?post=22185"},{"taxonomy":"product_tag","embeddable":true,"href":"https:\/\/gutreigalicia.com\/pt-pt\/wp-json\/wp\/v2\/product_tag?post=22185"}],"curies":[{"name":"wp","href":"https:\/\/api.w.org\/{rel}","templated":true}]}}