{"id":22201,"date":"2020-05-27T10:02:46","date_gmt":"2020-05-27T10:02:46","guid":{"rendered":"https:\/\/gutreigalicia.com\/carne-galicia\/pacote-10-vaca-gutrei\/"},"modified":"2024-06-12T16:33:41","modified_gmt":"2024-06-12T16:33:41","slug":"pacote-10-vaca-gutrei","status":"publish","type":"product","link":"https:\/\/gutreigalicia.com\/pt-pt\/carne-galicia\/pacote-10-vaca-gutrei\/","title":{"rendered":"Pacote 10 Vaca GUTREI"},"content":{"rendered":"","protected":false},"excerpt":{"rendered":"<p>Este pacote de grelha inclui 4 costeletas de vaca GUTREI (350 gr \/ unidade) e tira de\u00a0 costela de 2 kg de vaca Gutrei repartida.<\/p>\n<ul>\n<li>4 Costeletas Vaca Gutrei 350gr.\/ud.<\/li>\n<li>2 Kg. Tira de costela repartida Vaca Gutrei<\/li>\n<\/ul>\n<p>Desfrute de um produto exclusivo e requintado para sua churrasqueira ou churrasco. Qualidade, sabor e maciez garantidos em uma carne da nossa terra e amadurecidos em nossas pr\u00f3prias instala\u00e7\u00f5es.<\/p>\n","protected":false},"featured_media":40550,"template":"","meta":[],"product_brand":[],"product_cat":[120],"product_tag":[140],"class_list":{"0":"post-22201","1":"product","2":"type-product","3":"status-publish","4":"has-post-thumbnail","6":"product_cat-pacotes","7":"product_tag-tira-de-costela","9":"first","10":"instock","11":"featured","12":"taxable","13":"shipping-taxable","14":"purchasable","15":"product-type-simple"},"group_of_quantity":0,"min_quantity":0,"max_quantity":"","exclude_order_quantity_value_rules":"no","exclude_category_quantity_rules":"no","combine_variations":"no","_links":{"self":[{"href":"https:\/\/gutreigalicia.com\/pt-pt\/wp-json\/wp\/v2\/product\/22201","targetHints":{"allow":["GET"]}}],"collection":[{"href":"https:\/\/gutreigalicia.com\/pt-pt\/wp-json\/wp\/v2\/product"}],"about":[{"href":"https:\/\/gutreigalicia.com\/pt-pt\/wp-json\/wp\/v2\/types\/product"}],"wp:featuredmedia":[{"embeddable":true,"href":"https:\/\/gutreigalicia.com\/pt-pt\/wp-json\/wp\/v2\/media\/40550"}],"wp:attachment":[{"href":"https:\/\/gutreigalicia.com\/pt-pt\/wp-json\/wp\/v2\/media?parent=22201"}],"wp:term":[{"taxonomy":"product_brand","embeddable":true,"href":"https:\/\/gutreigalicia.com\/pt-pt\/wp-json\/wp\/v2\/product_brand?post=22201"},{"taxonomy":"product_cat","embeddable":true,"href":"https:\/\/gutreigalicia.com\/pt-pt\/wp-json\/wp\/v2\/product_cat?post=22201"},{"taxonomy":"product_tag","embeddable":true,"href":"https:\/\/gutreigalicia.com\/pt-pt\/wp-json\/wp\/v2\/product_tag?post=22201"}],"curies":[{"name":"wp","href":"https:\/\/api.w.org\/{rel}","templated":true}]}}