{"id":22208,"date":"2020-04-27T14:08:00","date_gmt":"2020-04-27T14:08:00","guid":{"rendered":"https:\/\/gutreigalicia.com\/carne-galicia\/pacote-7-vaca-gutrei\/"},"modified":"2024-06-12T16:29:50","modified_gmt":"2024-06-12T16:29:50","slug":"pacote-7-vaca-gutrei","status":"publish","type":"product","link":"https:\/\/gutreigalicia.com\/pt-pt\/carne-galicia\/pacote-7-vaca-gutrei\/","title":{"rendered":"Pacote 7 Vaca Gutrei"},"content":{"rendered":"<p>N\u00e3o sabemos qual das nossas carnes Gutrei tentar? Com nossos pacotes, voc\u00ea pode saborear diferentes tipos de carne e come\u00e7ar a desfrutar da experi\u00eancia Gutrei em grande estilo!<\/p>\n<p>Cada pe\u00e7a \u00e9 <strong>embalada individualmente a v\u00e1cuo<\/strong> (os hamb\u00fargueres s\u00e3o embalados em bandejas de 2 unidades), para oferecer maior comodidade ao consumo.<\/p>\n<p><strong>O que este pacote inclui?<\/strong><\/p>\n<ul>\n<li>6 Costeletas Vaca Gutrei 350gr.\/ud.<\/li>\n<li>6 Burguers Vaca Gutrei 160gr.\/ud.<\/li>\n<li>6 Entrecots Vaca Gutrei 250gr.\/ud.<\/li>\n<\/ul>\n","protected":false},"excerpt":{"rendered":"<p>Aproveite a <strong>experi\u00eancia da melhor carne do mundo<\/strong> com este pacote magn\u00edfico!<\/p>\n<ul>\n<li>6 Costeletas Vaca Gutrei 350gr.\/ud.<\/li>\n<li>6 Burguers Vaca Gutrei 160gr.\/ud.<\/li>\n<li>6 Entrecots Vaca Gutrei 250gr.\/ud.<\/li>\n<\/ul>\n<p>Cada pe\u00e7a \u00e9 <strong>embalada individualmente a v\u00e1cuo (os hamb\u00fargueres s\u00e3o embalados em bandejas de 2 unidades)<\/strong>, para oferecer maior\u00a0comodidade ao consumo.<\/p>\n","protected":false},"featured_media":40540,"template":"","meta":[],"product_brand":[],"product_cat":[120],"product_tag":[],"class_list":{"0":"post-22208","1":"product","2":"type-product","3":"status-publish","4":"has-post-thumbnail","6":"product_cat-pacotes","8":"first","9":"instock","10":"taxable","11":"shipping-taxable","12":"purchasable","13":"product-type-simple"},"group_of_quantity":0,"min_quantity":0,"max_quantity":"","exclude_order_quantity_value_rules":"no","exclude_category_quantity_rules":"no","combine_variations":"no","_links":{"self":[{"href":"https:\/\/gutreigalicia.com\/pt-pt\/wp-json\/wp\/v2\/product\/22208","targetHints":{"allow":["GET"]}}],"collection":[{"href":"https:\/\/gutreigalicia.com\/pt-pt\/wp-json\/wp\/v2\/product"}],"about":[{"href":"https:\/\/gutreigalicia.com\/pt-pt\/wp-json\/wp\/v2\/types\/product"}],"wp:featuredmedia":[{"embeddable":true,"href":"https:\/\/gutreigalicia.com\/pt-pt\/wp-json\/wp\/v2\/media\/40540"}],"wp:attachment":[{"href":"https:\/\/gutreigalicia.com\/pt-pt\/wp-json\/wp\/v2\/media?parent=22208"}],"wp:term":[{"taxonomy":"product_brand","embeddable":true,"href":"https:\/\/gutreigalicia.com\/pt-pt\/wp-json\/wp\/v2\/product_brand?post=22208"},{"taxonomy":"product_cat","embeddable":true,"href":"https:\/\/gutreigalicia.com\/pt-pt\/wp-json\/wp\/v2\/product_cat?post=22208"},{"taxonomy":"product_tag","embeddable":true,"href":"https:\/\/gutreigalicia.com\/pt-pt\/wp-json\/wp\/v2\/product_tag?post=22208"}],"curies":[{"name":"wp","href":"https:\/\/api.w.org\/{rel}","templated":true}]}}