{"id":22221,"date":"2020-05-27T10:19:58","date_gmt":"2020-05-27T10:19:58","guid":{"rendered":"https:\/\/gutreigalicia.com\/carne-galicia\/pacote-11-vaca-gutrei\/"},"modified":"2024-06-12T16:32:48","modified_gmt":"2024-06-12T16:32:48","slug":"pacote-11-vaca-gutrei","status":"publish","type":"product","link":"https:\/\/gutreigalicia.com\/pt-pt\/carne-galicia\/pacote-11-vaca-gutrei\/","title":{"rendered":"Pacote 11 Vaca GUTREI"},"content":{"rendered":"","protected":false},"excerpt":{"rendered":"<p>Este pacote de grelha inclui 6 costeletas Vaca GUTREI, 6 burguers e tira de 3 kg de\u00a0costela de vaca Gutrei repartida.<\/p>\n<ul>\n<li>6 Costeletas Vaca Gutrei 350gr.\/ud.<\/li>\n<li>6 Burguers Vaca Gutrei 160gr.\/ud.<\/li>\n<li>3 Kg. tiras de costela Vaca Gutrei<\/li>\n<\/ul>\n<p>Desfrute de um produto exclusivo e requintado para sua churrasqueira\u00a0ou churrasco. Qualidade, sabor e maciez garantidos em uma carne da\u00a0nossa terra e amadurecidos em nossas pr\u00f3prias instala\u00e7\u00f5es.<\/p>\n","protected":false},"featured_media":40553,"template":"","meta":[],"product_brand":[],"product_cat":[120],"product_tag":[140],"class_list":{"0":"post-22221","1":"product","2":"type-product","3":"status-publish","4":"has-post-thumbnail","6":"product_cat-pacotes","7":"product_tag-tira-de-costela","9":"first","10":"instock","11":"featured","12":"taxable","13":"shipping-taxable","14":"purchasable","15":"product-type-simple"},"group_of_quantity":0,"min_quantity":0,"max_quantity":"","exclude_order_quantity_value_rules":"no","exclude_category_quantity_rules":"no","combine_variations":"no","_links":{"self":[{"href":"https:\/\/gutreigalicia.com\/pt-pt\/wp-json\/wp\/v2\/product\/22221","targetHints":{"allow":["GET"]}}],"collection":[{"href":"https:\/\/gutreigalicia.com\/pt-pt\/wp-json\/wp\/v2\/product"}],"about":[{"href":"https:\/\/gutreigalicia.com\/pt-pt\/wp-json\/wp\/v2\/types\/product"}],"wp:featuredmedia":[{"embeddable":true,"href":"https:\/\/gutreigalicia.com\/pt-pt\/wp-json\/wp\/v2\/media\/40553"}],"wp:attachment":[{"href":"https:\/\/gutreigalicia.com\/pt-pt\/wp-json\/wp\/v2\/media?parent=22221"}],"wp:term":[{"taxonomy":"product_brand","embeddable":true,"href":"https:\/\/gutreigalicia.com\/pt-pt\/wp-json\/wp\/v2\/product_brand?post=22221"},{"taxonomy":"product_cat","embeddable":true,"href":"https:\/\/gutreigalicia.com\/pt-pt\/wp-json\/wp\/v2\/product_cat?post=22221"},{"taxonomy":"product_tag","embeddable":true,"href":"https:\/\/gutreigalicia.com\/pt-pt\/wp-json\/wp\/v2\/product_tag?post=22221"}],"curies":[{"name":"wp","href":"https:\/\/api.w.org\/{rel}","templated":true}]}}