{"id":22349,"date":"2020-04-27T14:34:35","date_gmt":"2020-04-27T14:34:35","guid":{"rendered":"https:\/\/gutreigalicia.com\/carne-galicia\/pacote-1-boi-roxadouro\/"},"modified":"2024-06-12T16:24:56","modified_gmt":"2024-06-12T16:24:56","slug":"pacote-1-boi-roxadouro","status":"publish","type":"product","link":"https:\/\/gutreigalicia.com\/pt-pt\/carne-galicia\/pacote-1-boi-roxadouro\/","title":{"rendered":"Pacote 1 Boi Roxad&#8217;Ouro"},"content":{"rendered":"","protected":false},"excerpt":{"rendered":"<p>Este pacote inclui dois bifes Roxad&#8217;ouro Beef\u00a0de 1 kg cada (matura\u00e7\u00e3o dry aged) embalados a v\u00e1cuo individualmente\u00a0e uma camiseta Roxad&#8217;Ouro como presente!<\/p>\n<ul>\n<li>2 bifes Roxad&#8217;Ouro Ox 1Kg.\/ud.<\/li>\n<li>Presente da camiseta do RoxadOuro.<\/li>\n<\/ul>\n<p>Desfrute de um produto exclusivo e requintado para sua churrasqueira\u00a0ou churrasco. Qualidade, sabor e maciez garantidos em uma carne da nossa\u00a0terra e amadurecidos em nossas pr\u00f3prias instala\u00e7\u00f5es.<\/p>\n","protected":false},"featured_media":40514,"template":"","meta":[],"product_brand":[],"product_cat":[119,120,124],"product_tag":[148],"class_list":{"0":"post-22349","1":"product","2":"type-product","3":"status-publish","4":"has-post-thumbnail","6":"product_cat-boi-roxadouro","7":"product_cat-pacotes","8":"product_cat-pacotes-roxadouro","9":"product_tag-produtos-de-carne-de-boi","11":"first","12":"instock","13":"featured","14":"taxable","15":"shipping-taxable","16":"purchasable","17":"product-type-simple"},"group_of_quantity":0,"min_quantity":0,"max_quantity":"","exclude_order_quantity_value_rules":"no","exclude_category_quantity_rules":"no","combine_variations":"no","_links":{"self":[{"href":"https:\/\/gutreigalicia.com\/pt-pt\/wp-json\/wp\/v2\/product\/22349","targetHints":{"allow":["GET"]}}],"collection":[{"href":"https:\/\/gutreigalicia.com\/pt-pt\/wp-json\/wp\/v2\/product"}],"about":[{"href":"https:\/\/gutreigalicia.com\/pt-pt\/wp-json\/wp\/v2\/types\/product"}],"wp:featuredmedia":[{"embeddable":true,"href":"https:\/\/gutreigalicia.com\/pt-pt\/wp-json\/wp\/v2\/media\/40514"}],"wp:attachment":[{"href":"https:\/\/gutreigalicia.com\/pt-pt\/wp-json\/wp\/v2\/media?parent=22349"}],"wp:term":[{"taxonomy":"product_brand","embeddable":true,"href":"https:\/\/gutreigalicia.com\/pt-pt\/wp-json\/wp\/v2\/product_brand?post=22349"},{"taxonomy":"product_cat","embeddable":true,"href":"https:\/\/gutreigalicia.com\/pt-pt\/wp-json\/wp\/v2\/product_cat?post=22349"},{"taxonomy":"product_tag","embeddable":true,"href":"https:\/\/gutreigalicia.com\/pt-pt\/wp-json\/wp\/v2\/product_tag?post=22349"}],"curies":[{"name":"wp","href":"https:\/\/api.w.org\/{rel}","templated":true}]}}