{"id":23411,"date":"2020-11-12T16:15:10","date_gmt":"2020-11-13T00:00:10","guid":{"rendered":"https:\/\/gutreigalicia.com\/?post_type=product&#038;p=23411"},"modified":"2024-06-12T16:22:30","modified_gmt":"2024-06-12T16:22:30","slug":"pack-blackfriday-12-costeletas-de-vac","status":"publish","type":"product","link":"https:\/\/gutreigalicia.com\/pt-pt\/carne-galicia\/pack-blackfriday-12-costeletas-de-vac\/","title":{"rendered":"Pack12 costeletas vaca"},"content":{"rendered":"<p>Na nossa primeira Black Friday com uma loja online, queremos celebrar com todos voc\u00eas esta festa de e-commerce em grande estilo. Por isso decidimos escolher um dos nossos produtos mais preciosos &#8211; as costeletas de vaca &#8211; e fazer um megapack com 12 unidades a um pre\u00e7o exorbitante!<\/p>\n","protected":false},"excerpt":{"rendered":"<p>Um pack \u00fanico e exclusivo que s\u00f3 pode comprar por quinze dias (de sexta-feira 13 a sexta-feira 27 de novembro). Uma iniciativa da Gutrei para celebrar a Black Friday em grande estilo com uma super embalagem de 12 costeletas de vaca envelhecidas Gutrei de 350 gramas cada, embaladas individualmente a v\u00e1cuo. V\u00e1 pensando em como aproveit\u00e1-los!<\/p>\n","protected":false},"featured_media":40510,"template":"","meta":[],"product_brand":[],"product_cat":[120],"product_tag":[],"class_list":{"0":"post-23411","1":"product","2":"type-product","3":"status-publish","4":"has-post-thumbnail","6":"product_cat-pacotes","8":"first","9":"instock","10":"taxable","11":"shipping-taxable","12":"purchasable","13":"product-type-simple"},"group_of_quantity":0,"min_quantity":0,"max_quantity":"","exclude_order_quantity_value_rules":"no","exclude_category_quantity_rules":"no","combine_variations":"no","_links":{"self":[{"href":"https:\/\/gutreigalicia.com\/pt-pt\/wp-json\/wp\/v2\/product\/23411","targetHints":{"allow":["GET"]}}],"collection":[{"href":"https:\/\/gutreigalicia.com\/pt-pt\/wp-json\/wp\/v2\/product"}],"about":[{"href":"https:\/\/gutreigalicia.com\/pt-pt\/wp-json\/wp\/v2\/types\/product"}],"wp:featuredmedia":[{"embeddable":true,"href":"https:\/\/gutreigalicia.com\/pt-pt\/wp-json\/wp\/v2\/media\/40510"}],"wp:attachment":[{"href":"https:\/\/gutreigalicia.com\/pt-pt\/wp-json\/wp\/v2\/media?parent=23411"}],"wp:term":[{"taxonomy":"product_brand","embeddable":true,"href":"https:\/\/gutreigalicia.com\/pt-pt\/wp-json\/wp\/v2\/product_brand?post=23411"},{"taxonomy":"product_cat","embeddable":true,"href":"https:\/\/gutreigalicia.com\/pt-pt\/wp-json\/wp\/v2\/product_cat?post=23411"},{"taxonomy":"product_tag","embeddable":true,"href":"https:\/\/gutreigalicia.com\/pt-pt\/wp-json\/wp\/v2\/product_tag?post=23411"}],"curies":[{"name":"wp","href":"https:\/\/api.w.org\/{rel}","templated":true}]}}