{"id":23899,"date":"2020-10-15T00:00:44","date_gmt":"2020-11-15T00:00:44","guid":{"rendered":"https:\/\/gutreigalicia.com\/carne-galicia\/sal-rosa-do-himalaia-120-gr-recipiente-de-vidro\/"},"modified":"2020-11-15T00:00:44","modified_gmt":"2020-11-15T00:00:44","slug":"sal-rosa-do-himalaia-120-gr-recipiente-de-vidro","status":"publish","type":"product","link":"https:\/\/gutreigalicia.com\/pt-pt\/carne-galicia\/sal-rosa-do-himalaia-120-gr-recipiente-de-vidro\/","title":{"rendered":"Sal rosa do Himalaia (120 gr. Recipiente de vidro)"},"content":{"rendered":"<p>Este produto \u00e9 vendido como complemento \u00e0s nossas carnes.<\/p>\n","protected":false},"excerpt":{"rendered":"<p>Formado sob alta press\u00e3o sob as montanhas do Himalaia h\u00e1 250 milh\u00f5es de anos, livre de polui\u00e7\u00e3o e sem qualquer processo de refino, ele n\u00e3o cont\u00e9m aditivos adicionados. Contendo 84 elementos essenciais para a vida, o grau de compress\u00e3o sob as montanhas criou uma estrutura cristalina perfeita no sal, que ajuda a manter o equil\u00edbrio natural do corpo. Esse sal de cor rosa, por ser gema, n\u00e3o tem gosto amargo como o sal marinho.<\/p>\n<p>Sal grosso de cor rosa se formou sob alta press\u00e3o sob montanhas h\u00e1 250 milh\u00f5es de anos.<\/p>\n","protected":false},"featured_media":23313,"template":"","meta":[],"product_brand":[],"product_cat":[179],"product_tag":[],"class_list":{"0":"post-23899","1":"product","2":"type-product","3":"status-publish","4":"has-post-thumbnail","6":"product_cat-sal","8":"first","9":"instock","10":"taxable","11":"shipping-taxable","12":"purchasable","13":"product-type-simple"},"group_of_quantity":0,"min_quantity":0,"max_quantity":"","exclude_order_quantity_value_rules":"no","exclude_category_quantity_rules":"no","combine_variations":"no","_links":{"self":[{"href":"https:\/\/gutreigalicia.com\/pt-pt\/wp-json\/wp\/v2\/product\/23899","targetHints":{"allow":["GET"]}}],"collection":[{"href":"https:\/\/gutreigalicia.com\/pt-pt\/wp-json\/wp\/v2\/product"}],"about":[{"href":"https:\/\/gutreigalicia.com\/pt-pt\/wp-json\/wp\/v2\/types\/product"}],"wp:featuredmedia":[{"embeddable":true,"href":"https:\/\/gutreigalicia.com\/pt-pt\/wp-json\/wp\/v2\/media\/23313"}],"wp:attachment":[{"href":"https:\/\/gutreigalicia.com\/pt-pt\/wp-json\/wp\/v2\/media?parent=23899"}],"wp:term":[{"taxonomy":"product_brand","embeddable":true,"href":"https:\/\/gutreigalicia.com\/pt-pt\/wp-json\/wp\/v2\/product_brand?post=23899"},{"taxonomy":"product_cat","embeddable":true,"href":"https:\/\/gutreigalicia.com\/pt-pt\/wp-json\/wp\/v2\/product_cat?post=23899"},{"taxonomy":"product_tag","embeddable":true,"href":"https:\/\/gutreigalicia.com\/pt-pt\/wp-json\/wp\/v2\/product_tag?post=23899"}],"curies":[{"name":"wp","href":"https:\/\/api.w.org\/{rel}","templated":true}]}}