{"id":23900,"date":"2020-11-15T00:00:35","date_gmt":"2020-11-15T00:00:35","guid":{"rendered":"https:\/\/gutreigalicia.com\/carne-galicia\/petalas-de-sal-preto-recipiente-de-vidro-de-60-gr\/"},"modified":"2020-11-15T00:00:35","modified_gmt":"2020-11-15T00:00:35","slug":"petalas-de-sal-preto-recipiente-de-vidro-de-60-gr","status":"publish","type":"product","link":"https:\/\/gutreigalicia.com\/pt-pt\/carne-galicia\/petalas-de-sal-preto-recipiente-de-vidro-de-60-gr\/","title":{"rendered":"P\u00e9talas de sal preto (recipiente de vidro de 60 gr)"},"content":{"rendered":"<p>Este produto \u00e9 vendido como complemento \u00e0s nossas carnes.<\/p>\n","protected":false},"excerpt":{"rendered":"<p>Um sal diferente, crocante, delicado e t\u00e3o fino que s\u00f3 se desfaz ao tocar nos l\u00e1bios. P\u00e9talas crocantes com bouquet e cor intensa que se fundem no prato, real\u00e7ando os sabores.<\/p>\n","protected":false},"featured_media":23293,"template":"","meta":[],"product_brand":[],"product_cat":[179],"product_tag":[],"class_list":{"0":"post-23900","1":"product","2":"type-product","3":"status-publish","4":"has-post-thumbnail","6":"product_cat-sal","8":"first","9":"instock","10":"taxable","11":"shipping-taxable","12":"purchasable","13":"product-type-simple"},"group_of_quantity":0,"min_quantity":0,"max_quantity":"","exclude_order_quantity_value_rules":"no","exclude_category_quantity_rules":"no","combine_variations":"no","_links":{"self":[{"href":"https:\/\/gutreigalicia.com\/pt-pt\/wp-json\/wp\/v2\/product\/23900","targetHints":{"allow":["GET"]}}],"collection":[{"href":"https:\/\/gutreigalicia.com\/pt-pt\/wp-json\/wp\/v2\/product"}],"about":[{"href":"https:\/\/gutreigalicia.com\/pt-pt\/wp-json\/wp\/v2\/types\/product"}],"wp:featuredmedia":[{"embeddable":true,"href":"https:\/\/gutreigalicia.com\/pt-pt\/wp-json\/wp\/v2\/media\/23293"}],"wp:attachment":[{"href":"https:\/\/gutreigalicia.com\/pt-pt\/wp-json\/wp\/v2\/media?parent=23900"}],"wp:term":[{"taxonomy":"product_brand","embeddable":true,"href":"https:\/\/gutreigalicia.com\/pt-pt\/wp-json\/wp\/v2\/product_brand?post=23900"},{"taxonomy":"product_cat","embeddable":true,"href":"https:\/\/gutreigalicia.com\/pt-pt\/wp-json\/wp\/v2\/product_cat?post=23900"},{"taxonomy":"product_tag","embeddable":true,"href":"https:\/\/gutreigalicia.com\/pt-pt\/wp-json\/wp\/v2\/product_tag?post=23900"}],"curies":[{"name":"wp","href":"https:\/\/api.w.org\/{rel}","templated":true}]}}